{"id":29000,"date":"2017-02-16T09:13:19","date_gmt":"2017-02-16T08:13:19","guid":{"rendered":"https:\/\/v2.dev-proone.ch\/home-it\/"},"modified":"2024-09-03T13:30:39","modified_gmt":"2024-09-03T11:30:39","slug":"home-it","status":"publish","type":"page","link":"https:\/\/v2.dev-proone.ch\/it\/","title":{"rendered":"HOME IT"},"content":{"rendered":"\t\t<div data-elementor-type=\"wp-page\" data-elementor-id=\"29000\" class=\"elementor elementor-29000 elementor-36\">\n\t\t\t\t<div class=\"elementor-element elementor-element-43b71ae e-flex e-con-boxed e-con e-parent\" data-id=\"43b71ae\" data-element_type=\"container\" data-settings=\"{&quot;jet_parallax_layout_list&quot;:[],&quot;background_background&quot;:&quot;classic&quot;}\">\n\t\t\t\t\t<div class=\"e-con-inner\">\n\t\t\t\t<div class=\"elementor-element elementor-element-f7757a3 elementor-widget elementor-widget-html\" data-id=\"f7757a3\" data-element_type=\"widget\" data-widget_type=\"html.default\">\n\t\t\t\t<div class=\"elementor-widget-container\">\n\t\t\t<style>.elementor-element-40a437a {display:none;}\n\n\/*\n\nbody { background-color: #afca0b ; }\n\n  .hero__image {\n            position: absolute;\n            width: 100%;\n            height: 100%;\n             background-color: #afca0b; \n             \nbackground-image: url('https:\/\/dev-proone.ch\/wp-content\/uploads\/2024\/09\/header-image-en-1.jpg');\nbackground-repeat: no-repeat;\nbackground-position: center;\nbackground-size: cover;\n\n}\n\n@media (max-width: 767px) {\n      .hero__image {\n background-color: #fff; \n background-image:none;\n    }\n}\n       header {\n  \n    z-index: 0; \/* Attribue un z-index de 99 \u00e0 l'\u00e9l\u00e9ment header \n}\n\n  \n        .hero__ramp svg path {\n            fill: #afca0b; \n        } *\/\n        \n        <\/style>\t\t<\/div>\n\t\t\t\t<\/div>\n\t\t\t\t\t<\/div>\n\t\t\t\t<\/div>\n\t\t<div class=\"elementor-element elementor-element-43bea40 e-flex e-con-boxed e-con e-parent\" data-id=\"43bea40\" data-element_type=\"container\" data-settings=\"{&quot;background_background&quot;:&quot;classic&quot;,&quot;jet_parallax_layout_list&quot;:[]}\">\n\t\t\t\t\t<div class=\"e-con-inner\">\n\t\t<div class=\"elementor-element elementor-element-1111700 e-con-full e-flex e-con e-child\" data-id=\"1111700\" data-element_type=\"container\" data-settings=\"{&quot;background_background&quot;:&quot;classic&quot;,&quot;jet_parallax_layout_list&quot;:[]}\">\n\t\t\t\t<div class=\"elementor-element elementor-element-63c6c7d elementor-widget elementor-widget-heading\" data-id=\"63c6c7d\" data-element_type=\"widget\" data-widget_type=\"heading.default\">\n\t\t\t\t<div class=\"elementor-widget-container\">\n\t\t\t<h1 class=\"elementor-heading-title elementor-size-default\">ProOne<\/h1>\t\t<\/div>\n\t\t\t\t<\/div>\n\t\t\t\t<div class=\"elementor-element elementor-element-8754b3e elementor-widget elementor-widget-text-editor\" data-id=\"8754b3e\" data-element_type=\"widget\" data-widget_type=\"text-editor.default\">\n\t\t\t\t<div class=\"elementor-widget-container\">\n\t\t\t\t\t\t\t<p>Come artigiano, \u00e8 naturale che lavoriate solo con i migliori materiali e strumenti professionali. Scegliendo ProOne, scegliete materiali di alta qualit\u00e0 con la garanzia di un prezzo competitivo. La gamma ProOne comprende un&#8217;ampia scelta di materiali da costruzione, utensili e dispositivi di protezione. Specialmente per i professionisti.  <\/p>\n\t\t\t\t\t\t<\/div>\n\t\t\t\t<\/div>\n\t\t\t\t<\/div>\n\t\t<div class=\"elementor-element elementor-element-273fb5e e-con-full e-flex e-con e-child\" data-id=\"273fb5e\" data-element_type=\"container\" data-settings=\"{&quot;jet_parallax_layout_list&quot;:[],&quot;background_background&quot;:&quot;classic&quot;}\">\n\t\t\t\t<\/div>\n\t\t\t\t\t<\/div>\n\t\t\t\t<\/div>\n\t\t<div class=\"elementor-element elementor-element-750b457 e-flex e-con-boxed e-con e-parent\" data-id=\"750b457\" data-element_type=\"container\" data-settings=\"{&quot;background_background&quot;:&quot;classic&quot;,&quot;jet_parallax_layout_list&quot;:[]}\">\n\t\t\t\t\t<div class=\"e-con-inner\">\n\t\t\t\t\t<\/div>\n\t\t\t\t<\/div>\n\t\t<div class=\"elementor-element elementor-element-ea8af85 e-flex e-con-boxed e-con e-parent\" data-id=\"ea8af85\" data-element_type=\"container\" data-settings=\"{&quot;jet_parallax_layout_list&quot;:[],&quot;background_background&quot;:&quot;classic&quot;}\">\n\t\t\t\t\t<div class=\"e-con-inner\">\n\t\t<div class=\"elementor-element elementor-element-05637e9 e-con-full e-flex e-con e-child\" data-id=\"05637e9\" data-element_type=\"container\" data-settings=\"{&quot;jet_parallax_layout_list&quot;:[]}\">\n\t\t\t\t<div class=\"elementor-element elementor-element-8c9aaeb elementor-widget elementor-widget-heading\" data-id=\"8c9aaeb\" data-element_type=\"widget\" data-widget_type=\"heading.default\">\n\t\t\t\t<div class=\"elementor-widget-container\">\n\t\t\t<h1 class=\"elementor-heading-title elementor-size-default\">ProOne \u2013 IL NOSTRO MARCHIO PER LE OPERE GREZZE<\/h1>\t\t<\/div>\n\t\t\t\t<\/div>\n\t\t\t\t<div class=\"elementor-element elementor-element-d3b5b63 elementor-widget elementor-widget-text-editor\" data-id=\"d3b5b63\" data-element_type=\"widget\" data-widget_type=\"text-editor.default\">\n\t\t\t\t<div class=\"elementor-widget-container\">\n\t\t\t\t\t\t\t<p>La serie di prodotti ProOne comprende un assortimento di base con oltre 600 prodotti e viene continuamente integrata con altri articoli di alta qualit\u00e0. Con ProOne optate per materiali di alta qualit\u00e0 a un prezzo competitivo. I prodotti ProOne sono sviluppati con cura da professionisti. In questo modo ci assicuriamo che soddisfino gli elevati standard di qualit\u00e0 e le esigenze dei nostri clienti.   <\/p>\n\t\t\t\t\t\t<\/div>\n\t\t\t\t<\/div>\n\t\t<div class=\"elementor-element elementor-element-20921df e-con-full e-flex e-con e-child\" data-id=\"20921df\" data-element_type=\"container\" data-settings=\"{&quot;jet_parallax_layout_list&quot;:[]}\">\n\t\t<div class=\"elementor-element elementor-element-f6a1c8f e-con-full e-flex e-con e-child\" data-id=\"f6a1c8f\" data-element_type=\"container\" data-settings=\"{&quot;jet_parallax_layout_list&quot;:[],&quot;background_background&quot;:&quot;classic&quot;}\">\n\t\t\t\t<div class=\"elementor-element elementor-element-73de4b8 elementor-position-top elementor-widget elementor-widget-image-box\" data-id=\"73de4b8\" data-element_type=\"widget\" data-widget_type=\"image-box.default\">\n\t\t\t\t<div class=\"elementor-widget-container\">\n\t\t\t<div class=\"elementor-image-box-wrapper\"><figure class=\"elementor-image-box-img\"><img fetchpriority=\"high\" decoding=\"async\" width=\"740\" height=\"421\" src=\"https:\/\/v2.dev-proone.ch\/wp-content\/uploads\/2024\/07\/csm_2a-ProOne-Arbeitsschutz-Bekleidung_100c6d9036.jpg\" class=\"attachment-full size-full wp-image-29628\" alt=\"\" srcset=\"https:\/\/v2.dev-proone.ch\/wp-content\/uploads\/2024\/07\/csm_2a-ProOne-Arbeitsschutz-Bekleidung_100c6d9036.jpg 740w, https:\/\/v2.dev-proone.ch\/wp-content\/uploads\/2024\/07\/csm_2a-ProOne-Arbeitsschutz-Bekleidung_100c6d9036-300x171.jpg 300w, https:\/\/v2.dev-proone.ch\/wp-content\/uploads\/2024\/07\/csm_2a-ProOne-Arbeitsschutz-Bekleidung_100c6d9036-600x341.jpg 600w\" sizes=\"(max-width: 740px) 100vw, 740px\" \/><\/figure><div class=\"elementor-image-box-content\"><h3 class=\"elementor-image-box-title\">ABITI DA LAVORE E DA PROTEZIONE<\/h3><p class=\"elementor-image-box-description\">Nell\u2019assortimento ProOne trovate l\u2019equipaggiamento di base per lavorare ogni giorno sul cantiere all\u2019insegna della sicurezza. Il nostro ampio assortimento di guanti, ad esempio, offre protezione per le pi\u00f9 diverse attivit\u00e0 ed esigenze. I prodotti ProOne proteggono anche la testa, gli occhi e le orecchie durante i lavori pi\u00f9 impegnativi e i gilet e le giacche di sicurezza ProOne garantiscono la visibilit\u00e0 sul cantiere.  <\/p><\/div><\/div>\t\t<\/div>\n\t\t\t\t<\/div>\n\t\t\t\t<\/div>\n\t\t<div class=\"elementor-element elementor-element-8412fb5 e-con-full e-flex e-con e-child\" data-id=\"8412fb5\" data-element_type=\"container\" data-settings=\"{&quot;jet_parallax_layout_list&quot;:[],&quot;background_background&quot;:&quot;classic&quot;}\">\n\t\t\t\t<div class=\"elementor-element elementor-element-c910124 elementor-position-top elementor-widget elementor-widget-image-box\" data-id=\"c910124\" data-element_type=\"widget\" data-widget_type=\"image-box.default\">\n\t\t\t\t<div class=\"elementor-widget-container\">\n\t\t\t<div class=\"elementor-image-box-wrapper\"><figure class=\"elementor-image-box-img\"><img decoding=\"async\" width=\"740\" height=\"421\" src=\"https:\/\/v2.dev-proone.ch\/wp-content\/uploads\/2024\/07\/csm_2b-ProOne-Baustoffe_9292af4d7d.jpg\" class=\"attachment-full size-full wp-image-29631\" alt=\"\" srcset=\"https:\/\/v2.dev-proone.ch\/wp-content\/uploads\/2024\/07\/csm_2b-ProOne-Baustoffe_9292af4d7d.jpg 740w, https:\/\/v2.dev-proone.ch\/wp-content\/uploads\/2024\/07\/csm_2b-ProOne-Baustoffe_9292af4d7d-300x171.jpg 300w, https:\/\/v2.dev-proone.ch\/wp-content\/uploads\/2024\/07\/csm_2b-ProOne-Baustoffe_9292af4d7d-600x341.jpg 600w\" sizes=\"(max-width: 740px) 100vw, 740px\" \/><\/figure><div class=\"elementor-image-box-content\"><h3 class=\"elementor-image-box-title\">MATERIALI DA COSTRUZIONE<\/h3><p class=\"elementor-image-box-description\">L\u2019assortimento di materiali da costruzione ProOne offre cementi, malte e intonaci per uso interno ed esterno. Per un lavoro pulito, troverete anche un\u2019ampia gamma di teli di separazione e di copertura, nonch\u00e9 di pellicole di copertura e da cantiere. Il sacco di miscelazione ProOne mescola i rivestimenti in cemento e il calcestruzzo in modo efficiente e semplice. Provatelo!   <\/p><\/div><\/div>\t\t<\/div>\n\t\t\t\t<\/div>\n\t\t\t\t<\/div>\n\t\t<div class=\"elementor-element elementor-element-d6db7a1 e-con-full e-flex e-con e-child\" data-id=\"d6db7a1\" data-element_type=\"container\" data-settings=\"{&quot;jet_parallax_layout_list&quot;:[],&quot;background_background&quot;:&quot;classic&quot;}\">\n\t\t\t\t<div class=\"elementor-element elementor-element-3baea4b elementor-position-top elementor-widget elementor-widget-image-box\" data-id=\"3baea4b\" data-element_type=\"widget\" data-widget_type=\"image-box.default\">\n\t\t\t\t<div class=\"elementor-widget-container\">\n\t\t\t<div class=\"elementor-image-box-wrapper\"><figure class=\"elementor-image-box-img\"><img decoding=\"async\" width=\"740\" height=\"421\" src=\"https:\/\/v2.dev-proone.ch\/wp-content\/uploads\/2024\/07\/csm_2c-ProOne_Dichten-Kleben-Streichen_aaa279e3fc.jpg\" class=\"attachment-full size-full wp-image-29634\" alt=\"\" srcset=\"https:\/\/v2.dev-proone.ch\/wp-content\/uploads\/2024\/07\/csm_2c-ProOne_Dichten-Kleben-Streichen_aaa279e3fc.jpg 740w, https:\/\/v2.dev-proone.ch\/wp-content\/uploads\/2024\/07\/csm_2c-ProOne_Dichten-Kleben-Streichen_aaa279e3fc-300x171.jpg 300w, https:\/\/v2.dev-proone.ch\/wp-content\/uploads\/2024\/07\/csm_2c-ProOne_Dichten-Kleben-Streichen_aaa279e3fc-600x341.jpg 600w\" sizes=\"(max-width: 740px) 100vw, 740px\" \/><\/figure><div class=\"elementor-image-box-content\"><h3 class=\"elementor-image-box-title\">IMPERMEABILIZZARE, INCOLLARE E VERNICIARE<\/h3><p class=\"elementor-image-box-description\">L\u2019assortimento ProOne comprende numerosi prodotti chimici per l\u2019edilizia, per la preparazione, l\u2019assemblaggio e la pulizia di prodotti e superfici. Include anche gli utensili necessari per questi lavori. <\/p><\/div><\/div>\t\t<\/div>\n\t\t\t\t<\/div>\n\t\t\t\t<\/div>\n\t\t\t\t<\/div>\n\t\t<div class=\"elementor-element elementor-element-e2f5823 e-con-full e-flex e-con e-child\" data-id=\"e2f5823\" data-element_type=\"container\" data-settings=\"{&quot;jet_parallax_layout_list&quot;:[]}\">\n\t\t<div class=\"elementor-element elementor-element-1d25ecd e-con-full e-flex e-con e-child\" data-id=\"1d25ecd\" data-element_type=\"container\" data-settings=\"{&quot;jet_parallax_layout_list&quot;:[],&quot;background_background&quot;:&quot;classic&quot;}\">\n\t\t\t\t<div class=\"elementor-element elementor-element-35ffd99 elementor-position-top elementor-widget elementor-widget-image-box\" data-id=\"35ffd99\" data-element_type=\"widget\" data-widget_type=\"image-box.default\">\n\t\t\t\t<div class=\"elementor-widget-container\">\n\t\t\t<div class=\"elementor-image-box-wrapper\"><figure class=\"elementor-image-box-img\"><img loading=\"lazy\" decoding=\"async\" width=\"740\" height=\"421\" src=\"https:\/\/v2.dev-proone.ch\/wp-content\/uploads\/2024\/07\/csm_2d-ProOne-Reinigungsmittel_d26c4f9b91.jpg\" class=\"attachment-full size-full wp-image-29637\" alt=\"\" srcset=\"https:\/\/v2.dev-proone.ch\/wp-content\/uploads\/2024\/07\/csm_2d-ProOne-Reinigungsmittel_d26c4f9b91.jpg 740w, https:\/\/v2.dev-proone.ch\/wp-content\/uploads\/2024\/07\/csm_2d-ProOne-Reinigungsmittel_d26c4f9b91-300x171.jpg 300w, https:\/\/v2.dev-proone.ch\/wp-content\/uploads\/2024\/07\/csm_2d-ProOne-Reinigungsmittel_d26c4f9b91-600x341.jpg 600w\" sizes=\"(max-width: 740px) 100vw, 740px\" \/><\/figure><div class=\"elementor-image-box-content\"><h3 class=\"elementor-image-box-title\">DETERGENTI<\/h3><p class=\"elementor-image-box-description\">Detergenti professionali e multiuso: per interni ed esterni, classici o biologici. Scoprite i prodotti detergenti ProOne. Il nostro ampio assortimento comprende, ad esempio, prodotti per la pulizia del bagno e della cucina, contro il calcare, i muschi e le alghe, per la pulizia e l\u2019impregnazione. Tutto pulito con ProOne!  <\/p><\/div><\/div>\t\t<\/div>\n\t\t\t\t<\/div>\n\t\t\t\t<\/div>\n\t\t<div class=\"elementor-element elementor-element-e0d79f9 e-con-full e-flex e-con e-child\" data-id=\"e0d79f9\" data-element_type=\"container\" data-settings=\"{&quot;jet_parallax_layout_list&quot;:[],&quot;background_background&quot;:&quot;classic&quot;}\">\n\t\t\t\t<div class=\"elementor-element elementor-element-64fc436 elementor-position-top elementor-widget elementor-widget-image-box\" data-id=\"64fc436\" data-element_type=\"widget\" data-widget_type=\"image-box.default\">\n\t\t\t\t<div class=\"elementor-widget-container\">\n\t\t\t<div class=\"elementor-image-box-wrapper\"><figure class=\"elementor-image-box-img\"><img decoding=\"async\" width=\"740\" height=\"421\" src=\"https:\/\/v2.dev-proone.ch\/wp-content\/uploads\/2024\/07\/csm_2b-ProOne-Baustoffe_9292af4d7d.jpg\" class=\"attachment-full size-full wp-image-29631\" alt=\"\" srcset=\"https:\/\/v2.dev-proone.ch\/wp-content\/uploads\/2024\/07\/csm_2b-ProOne-Baustoffe_9292af4d7d.jpg 740w, https:\/\/v2.dev-proone.ch\/wp-content\/uploads\/2024\/07\/csm_2b-ProOne-Baustoffe_9292af4d7d-300x171.jpg 300w, https:\/\/v2.dev-proone.ch\/wp-content\/uploads\/2024\/07\/csm_2b-ProOne-Baustoffe_9292af4d7d-600x341.jpg 600w\" sizes=\"(max-width: 740px) 100vw, 740px\" \/><\/figure><div class=\"elementor-image-box-content\"><h3 class=\"elementor-image-box-title\">UTENSILI<\/h3><p class=\"elementor-image-box-description\">Ogni mestiere ha bisogno dei suoi utensili. Da ProOne trovate un\u2019ampia scelta di utensili manuali ed elettroutensili per i lavori pi\u00f9 disparati. Carteggiate, forate, segate, stuccate o martellate con gli utensili ProOne!  <\/p><\/div><\/div>\t\t<\/div>\n\t\t\t\t<\/div>\n\t\t\t\t<\/div>\n\t\t<div class=\"elementor-element elementor-element-9a57383 e-con-full e-flex e-con e-child\" data-id=\"9a57383\" data-element_type=\"container\" data-settings=\"{&quot;jet_parallax_layout_list&quot;:[]}\">\n\t\t\t\t<\/div>\n\t\t\t\t<\/div>\n\t\t\t\t<\/div>\n\t\t\t\t\t<\/div>\n\t\t\t\t<\/div>\n\t\t\t\t<\/div>\n\t\t","protected":false},"excerpt":{"rendered":"<p>ProOne Come artigiano, \u00e8 naturale che lavoriate solo con i migliori materiali e strumenti professionali. Scegliendo ProOne, scegliete materiali di alta qualit\u00e0 con la garanzia di un prezzo competitivo. La gamma ProOne comprende un&#8217;ampia scelta di materiali da costruzione, utensili e dispositivi di protezione. Specialmente per i professionisti. ProOne \u2013 IL NOSTRO MARCHIO PER LE [&hellip;]<\/p>\n","protected":false},"author":0,"featured_media":0,"parent":0,"menu_order":0,"comment_status":"closed","ping_status":"closed","template":"","meta":{"footnotes":""},"class_list":["post-29000","page","type-page","status-publish","hentry"],"yoast_head":"<!-- This site is optimized with the Yoast SEO plugin v23.9 - https:\/\/yoast.com\/wordpress\/plugins\/seo\/ -->\n<title>HOME IT - proone<\/title>\n<meta name=\"robots\" content=\"noindex, follow, max-snippet:-1, max-image-preview:large, max-video-preview:-1\" \/>\n<meta property=\"og:locale\" content=\"it_IT\" \/>\n<meta property=\"og:type\" content=\"article\" \/>\n<meta property=\"og:title\" content=\"HOME IT - proone\" \/>\n<meta property=\"og:description\" content=\"ProOne Come artigiano, \u00e8 naturale che lavoriate solo con i migliori materiali e strumenti professionali. Scegliendo ProOne, scegliete materiali di alta qualit\u00e0 con la garanzia di un prezzo competitivo. La gamma ProOne comprende un&#8217;ampia scelta di materiali da costruzione, utensili e dispositivi di protezione. Specialmente per i professionisti. ProOne \u2013 IL NOSTRO MARCHIO PER LE [&hellip;]\" \/>\n<meta property=\"og:url\" content=\"https:\/\/v2.dev-proone.ch\/it\/\" \/>\n<meta property=\"og:site_name\" content=\"proone\" \/>\n<meta property=\"article:modified_time\" content=\"2024-09-03T11:30:39+00:00\" \/>\n<meta property=\"og:image\" content=\"https:\/\/v2.dev-proone.ch\/wp-content\/uploads\/2024\/07\/csm_2a-ProOne-Arbeitsschutz-Bekleidung_100c6d9036.jpg\" \/>\n<meta name=\"twitter:card\" content=\"summary_large_image\" \/>\n<meta name=\"twitter:label1\" content=\"Tempo di lettura stimato\" \/>\n\t<meta name=\"twitter:data1\" content=\"2 minuti\" \/>\n<script type=\"application\/ld+json\" class=\"yoast-schema-graph\">{\"@context\":\"https:\/\/schema.org\",\"@graph\":[{\"@type\":\"WebPage\",\"@id\":\"https:\/\/v2.dev-proone.ch\/it\/\",\"url\":\"https:\/\/v2.dev-proone.ch\/it\/\",\"name\":\"HOME IT - proone\",\"isPartOf\":{\"@id\":\"https:\/\/v2.dev-proone.ch\/fr\/#website\"},\"primaryImageOfPage\":{\"@id\":\"https:\/\/v2.dev-proone.ch\/it\/#primaryimage\"},\"image\":{\"@id\":\"https:\/\/v2.dev-proone.ch\/it\/#primaryimage\"},\"thumbnailUrl\":\"https:\/\/v2.dev-proone.ch\/wp-content\/uploads\/2024\/07\/csm_2a-ProOne-Arbeitsschutz-Bekleidung_100c6d9036.jpg\",\"datePublished\":\"2017-02-16T08:13:19+00:00\",\"dateModified\":\"2024-09-03T11:30:39+00:00\",\"breadcrumb\":{\"@id\":\"https:\/\/v2.dev-proone.ch\/it\/#breadcrumb\"},\"inLanguage\":\"it-IT\",\"potentialAction\":[{\"@type\":\"ReadAction\",\"target\":[\"https:\/\/v2.dev-proone.ch\/it\/\"]}]},{\"@type\":\"ImageObject\",\"inLanguage\":\"it-IT\",\"@id\":\"https:\/\/v2.dev-proone.ch\/it\/#primaryimage\",\"url\":\"https:\/\/v2.dev-proone.ch\/wp-content\/uploads\/2024\/07\/csm_2a-ProOne-Arbeitsschutz-Bekleidung_100c6d9036.jpg\",\"contentUrl\":\"https:\/\/v2.dev-proone.ch\/wp-content\/uploads\/2024\/07\/csm_2a-ProOne-Arbeitsschutz-Bekleidung_100c6d9036.jpg\"},{\"@type\":\"BreadcrumbList\",\"@id\":\"https:\/\/v2.dev-proone.ch\/it\/#breadcrumb\",\"itemListElement\":[{\"@type\":\"ListItem\",\"position\":1,\"name\":\"Accueil\",\"item\":\"https:\/\/v2.dev-proone.ch\/it\/\"},{\"@type\":\"ListItem\",\"position\":2,\"name\":\"HOME IT\"}]},{\"@type\":\"WebSite\",\"@id\":\"https:\/\/v2.dev-proone.ch\/fr\/#website\",\"url\":\"https:\/\/v2.dev-proone.ch\/fr\/\",\"name\":\"proone\",\"description\":\"\",\"potentialAction\":[{\"@type\":\"SearchAction\",\"target\":{\"@type\":\"EntryPoint\",\"urlTemplate\":\"https:\/\/v2.dev-proone.ch\/fr\/?s={search_term_string}\"},\"query-input\":{\"@type\":\"PropertyValueSpecification\",\"valueRequired\":true,\"valueName\":\"search_term_string\"}}],\"inLanguage\":\"it-IT\"}]}<\/script>\n<!-- \/ Yoast SEO plugin. -->","yoast_head_json":{"title":"HOME IT - proone","robots":{"index":"noindex","follow":"follow","max-snippet":"max-snippet:-1","max-image-preview":"max-image-preview:large","max-video-preview":"max-video-preview:-1"},"og_locale":"it_IT","og_type":"article","og_title":"HOME IT - proone","og_description":"ProOne Come artigiano, \u00e8 naturale che lavoriate solo con i migliori materiali e strumenti professionali. Scegliendo ProOne, scegliete materiali di alta qualit\u00e0 con la garanzia di un prezzo competitivo. La gamma ProOne comprende un&#8217;ampia scelta di materiali da costruzione, utensili e dispositivi di protezione. Specialmente per i professionisti. ProOne \u2013 IL NOSTRO MARCHIO PER LE [&hellip;]","og_url":"https:\/\/v2.dev-proone.ch\/it\/","og_site_name":"proone","article_modified_time":"2024-09-03T11:30:39+00:00","og_image":[{"url":"https:\/\/v2.dev-proone.ch\/wp-content\/uploads\/2024\/07\/csm_2a-ProOne-Arbeitsschutz-Bekleidung_100c6d9036.jpg"}],"twitter_card":"summary_large_image","twitter_misc":{"Tempo di lettura stimato":"2 minuti"},"schema":{"@context":"https:\/\/schema.org","@graph":[{"@type":"WebPage","@id":"https:\/\/v2.dev-proone.ch\/it\/","url":"https:\/\/v2.dev-proone.ch\/it\/","name":"HOME IT - proone","isPartOf":{"@id":"https:\/\/v2.dev-proone.ch\/fr\/#website"},"primaryImageOfPage":{"@id":"https:\/\/v2.dev-proone.ch\/it\/#primaryimage"},"image":{"@id":"https:\/\/v2.dev-proone.ch\/it\/#primaryimage"},"thumbnailUrl":"https:\/\/v2.dev-proone.ch\/wp-content\/uploads\/2024\/07\/csm_2a-ProOne-Arbeitsschutz-Bekleidung_100c6d9036.jpg","datePublished":"2017-02-16T08:13:19+00:00","dateModified":"2024-09-03T11:30:39+00:00","breadcrumb":{"@id":"https:\/\/v2.dev-proone.ch\/it\/#breadcrumb"},"inLanguage":"it-IT","potentialAction":[{"@type":"ReadAction","target":["https:\/\/v2.dev-proone.ch\/it\/"]}]},{"@type":"ImageObject","inLanguage":"it-IT","@id":"https:\/\/v2.dev-proone.ch\/it\/#primaryimage","url":"https:\/\/v2.dev-proone.ch\/wp-content\/uploads\/2024\/07\/csm_2a-ProOne-Arbeitsschutz-Bekleidung_100c6d9036.jpg","contentUrl":"https:\/\/v2.dev-proone.ch\/wp-content\/uploads\/2024\/07\/csm_2a-ProOne-Arbeitsschutz-Bekleidung_100c6d9036.jpg"},{"@type":"BreadcrumbList","@id":"https:\/\/v2.dev-proone.ch\/it\/#breadcrumb","itemListElement":[{"@type":"ListItem","position":1,"name":"Accueil","item":"https:\/\/v2.dev-proone.ch\/it\/"},{"@type":"ListItem","position":2,"name":"HOME IT"}]},{"@type":"WebSite","@id":"https:\/\/v2.dev-proone.ch\/fr\/#website","url":"https:\/\/v2.dev-proone.ch\/fr\/","name":"proone","description":"","potentialAction":[{"@type":"SearchAction","target":{"@type":"EntryPoint","urlTemplate":"https:\/\/v2.dev-proone.ch\/fr\/?s={search_term_string}"},"query-input":{"@type":"PropertyValueSpecification","valueRequired":true,"valueName":"search_term_string"}}],"inLanguage":"it-IT"}]}},"_links":{"self":[{"href":"https:\/\/v2.dev-proone.ch\/it\/wp-json\/wp\/v2\/pages\/29000","targetHints":{"allow":["GET"]}}],"collection":[{"href":"https:\/\/v2.dev-proone.ch\/it\/wp-json\/wp\/v2\/pages"}],"about":[{"href":"https:\/\/v2.dev-proone.ch\/it\/wp-json\/wp\/v2\/types\/page"}],"replies":[{"embeddable":true,"href":"https:\/\/v2.dev-proone.ch\/it\/wp-json\/wp\/v2\/comments?post=29000"}],"version-history":[{"count":8,"href":"https:\/\/v2.dev-proone.ch\/it\/wp-json\/wp\/v2\/pages\/29000\/revisions"}],"predecessor-version":[{"id":34263,"href":"https:\/\/v2.dev-proone.ch\/it\/wp-json\/wp\/v2\/pages\/29000\/revisions\/34263"}],"wp:attachment":[{"href":"https:\/\/v2.dev-proone.ch\/it\/wp-json\/wp\/v2\/media?parent=29000"}],"curies":[{"name":"wp","href":"https:\/\/api.w.org\/{rel}","templated":true}]}}