{"id":28998,"date":"2017-02-16T09:13:19","date_gmt":"2017-02-16T08:13:19","guid":{"rendered":"https:\/\/v2.dev-proone.ch\/home-fr\/"},"modified":"2024-09-03T13:30:39","modified_gmt":"2024-09-03T11:30:39","slug":"home-fr","status":"publish","type":"page","link":"https:\/\/v2.dev-proone.ch\/fr\/","title":{"rendered":"Accueil"},"content":{"rendered":"\t\t<div data-elementor-type=\"wp-page\" data-elementor-id=\"28998\" class=\"elementor elementor-28998 elementor-36\">\n\t\t\t\t<div class=\"elementor-element elementor-element-43b71ae e-flex e-con-boxed e-con e-parent\" data-id=\"43b71ae\" data-element_type=\"container\" data-settings=\"{&quot;jet_parallax_layout_list&quot;:[],&quot;background_background&quot;:&quot;classic&quot;}\">\n\t\t\t\t\t<div class=\"e-con-inner\">\n\t\t\t\t<div class=\"elementor-element elementor-element-f7757a3 elementor-widget elementor-widget-html\" data-id=\"f7757a3\" data-element_type=\"widget\" data-widget_type=\"html.default\">\n\t\t\t\t<div class=\"elementor-widget-container\">\n\t\t\t<style>.elementor-element-40a437a {display:none;}\n\n\/*\n\nbody { background-color: #afca0b ; }\n\n  .hero__image {\n            position: absolute;\n            width: 100%;\n            height: 100%;\n             background-color: #afca0b; \n             \nbackground-image: url('https:\/\/dev-proone.ch\/wp-content\/uploads\/2024\/09\/header-image-en-1.jpg');\nbackground-repeat: no-repeat;\nbackground-position: center;\nbackground-size: cover;\n\n}\n\n@media (max-width: 767px) {\n      .hero__image {\n background-color: #fff; \n background-image:none;\n    }\n}\n       header {\n  \n    z-index: 0; \/* Attribue un z-index de 99 \u00e0 l'\u00e9l\u00e9ment header \n}\n\n  \n        .hero__ramp svg path {\n            fill: #afca0b; \n        } *\/\n        \n        <\/style>\t\t<\/div>\n\t\t\t\t<\/div>\n\t\t\t\t\t<\/div>\n\t\t\t\t<\/div>\n\t\t<div class=\"elementor-element elementor-element-43bea40 e-flex e-con-boxed e-con e-parent\" data-id=\"43bea40\" data-element_type=\"container\" data-settings=\"{&quot;background_background&quot;:&quot;classic&quot;,&quot;jet_parallax_layout_list&quot;:[]}\">\n\t\t\t\t\t<div class=\"e-con-inner\">\n\t\t<div class=\"elementor-element elementor-element-1111700 e-con-full e-flex e-con e-child\" data-id=\"1111700\" data-element_type=\"container\" data-settings=\"{&quot;background_background&quot;:&quot;classic&quot;,&quot;jet_parallax_layout_list&quot;:[]}\">\n\t\t\t\t<div class=\"elementor-element elementor-element-63c6c7d elementor-widget elementor-widget-heading\" data-id=\"63c6c7d\" data-element_type=\"widget\" data-widget_type=\"heading.default\">\n\t\t\t\t<div class=\"elementor-widget-container\">\n\t\t\t<h1 class=\"elementor-heading-title elementor-size-default\">ProOne<\/h1>\t\t<\/div>\n\t\t\t\t<\/div>\n\t\t\t\t<div class=\"elementor-element elementor-element-8754b3e elementor-widget elementor-widget-text-editor\" data-id=\"8754b3e\" data-element_type=\"widget\" data-widget_type=\"text-editor.default\">\n\t\t\t\t<div class=\"elementor-widget-container\">\n\t\t\t\t\t\t\t<p>En tant que professionnel, vous travaillez naturellement uniquement avec les meilleurs mat\u00e9riaux et outils professionnels. En choisissant ProOne, vous choisissez des mat\u00e9riaux de premi\u00e8re qualit\u00e9 avec la garantie d\u2019un prix comp\u00e9titif. La gamme ProOne comprend une large gamme de mat\u00e9riaux de construction, d&rsquo;outils et d&rsquo;\u00e9quipements de protection. Surtout pour le professionnel. ProOne. Nous vous soutenons !  <\/p>\n\t\t\t\t\t\t<\/div>\n\t\t\t\t<\/div>\n\t\t\t\t<\/div>\n\t\t<div class=\"elementor-element elementor-element-273fb5e e-con-full e-flex e-con e-child\" data-id=\"273fb5e\" data-element_type=\"container\" data-settings=\"{&quot;jet_parallax_layout_list&quot;:[],&quot;background_background&quot;:&quot;classic&quot;}\">\n\t\t\t\t<\/div>\n\t\t\t\t\t<\/div>\n\t\t\t\t<\/div>\n\t\t<div class=\"elementor-element elementor-element-750b457 e-flex e-con-boxed e-con e-parent\" data-id=\"750b457\" data-element_type=\"container\" data-settings=\"{&quot;background_background&quot;:&quot;classic&quot;,&quot;jet_parallax_layout_list&quot;:[]}\">\n\t\t\t\t\t<div class=\"e-con-inner\">\n\t\t\t\t\t<\/div>\n\t\t\t\t<\/div>\n\t\t<div class=\"elementor-element elementor-element-ea8af85 e-flex e-con-boxed e-con e-parent\" data-id=\"ea8af85\" data-element_type=\"container\" data-settings=\"{&quot;jet_parallax_layout_list&quot;:[],&quot;background_background&quot;:&quot;classic&quot;}\">\n\t\t\t\t\t<div class=\"e-con-inner\">\n\t\t<div class=\"elementor-element elementor-element-05637e9 e-con-full e-flex e-con e-child\" data-id=\"05637e9\" data-element_type=\"container\" data-settings=\"{&quot;jet_parallax_layout_list&quot;:[]}\">\n\t\t\t\t<div class=\"elementor-element elementor-element-8c9aaeb elementor-widget elementor-widget-heading\" data-id=\"8c9aaeb\" data-element_type=\"widget\" data-widget_type=\"heading.default\">\n\t\t\t\t<div class=\"elementor-widget-container\">\n\t\t\t<h1 class=\"elementor-heading-title elementor-size-default\">\u00c0 propos de ProOne - Notre marque propre pour le gros \u0153uvre<\/h1>\t\t<\/div>\n\t\t\t\t<\/div>\n\t\t\t\t<div class=\"elementor-element elementor-element-d3b5b63 elementor-widget elementor-widget-text-editor\" data-id=\"d3b5b63\" data-element_type=\"widget\" data-widget_type=\"text-editor.default\">\n\t\t\t\t<div class=\"elementor-widget-container\">\n\t\t\t\t\t\t\t<p>La gamme de produits ProOne comprend un assortiment de base de plus de 600 produits et est compl\u00e9t\u00e9e en permanence par de nouveaux articles de qualit\u00e9. En optant pour ProOne, vous faites le choix de mat\u00e9riaux haut de gamme \u00e0 un prix comp\u00e9titif. Les produits ProOne sont soigneusement d\u00e9velopp\u00e9s par des professionnels. Nous garantissons ainsi qu\u2019ils r\u00e9pondent aux normes de qualit\u00e9 \u00e9lev\u00e9es et aux besoins de nos clients.   <\/p>\n\t\t\t\t\t\t<\/div>\n\t\t\t\t<\/div>\n\t\t<div class=\"elementor-element elementor-element-20921df e-con-full e-flex e-con e-child\" data-id=\"20921df\" data-element_type=\"container\" data-settings=\"{&quot;jet_parallax_layout_list&quot;:[]}\">\n\t\t<div class=\"elementor-element elementor-element-f6a1c8f e-con-full e-flex e-con e-child\" data-id=\"f6a1c8f\" data-element_type=\"container\" data-settings=\"{&quot;jet_parallax_layout_list&quot;:[],&quot;background_background&quot;:&quot;classic&quot;}\">\n\t\t\t\t<div class=\"elementor-element elementor-element-73de4b8 elementor-position-top elementor-widget elementor-widget-image-box\" data-id=\"73de4b8\" data-element_type=\"widget\" data-widget_type=\"image-box.default\">\n\t\t\t\t<div class=\"elementor-widget-container\">\n\t\t\t<div class=\"elementor-image-box-wrapper\"><figure class=\"elementor-image-box-img\"><img fetchpriority=\"high\" decoding=\"async\" width=\"740\" height=\"421\" src=\"https:\/\/v2.dev-proone.ch\/wp-content\/uploads\/2024\/07\/csm_2a-ProOne-Arbeitsschutz-Bekleidung_100c6d9036.jpg\" class=\"attachment-full size-full wp-image-29627\" alt=\"\" srcset=\"https:\/\/v2.dev-proone.ch\/wp-content\/uploads\/2024\/07\/csm_2a-ProOne-Arbeitsschutz-Bekleidung_100c6d9036.jpg 740w, https:\/\/v2.dev-proone.ch\/wp-content\/uploads\/2024\/07\/csm_2a-ProOne-Arbeitsschutz-Bekleidung_100c6d9036-300x171.jpg 300w, https:\/\/v2.dev-proone.ch\/wp-content\/uploads\/2024\/07\/csm_2a-ProOne-Arbeitsschutz-Bekleidung_100c6d9036-600x341.jpg 600w\" sizes=\"(max-width: 740px) 100vw, 740px\" \/><\/figure><div class=\"elementor-image-box-content\"><h3 class=\"elementor-image-box-title\">V\u00caTEMENTS DE TRAVAIL ET DE PROTECTION<\/h3><p class=\"elementor-image-box-description\">Dans l\u2019assortiment de ProOne, vous trouverez votre \u00e9quipement de base pour travailler jour apr\u00e8s jour en toute s\u00e9curit\u00e9 sur le chantier. Notre vaste gamme de gants, par exemple, vous offre une protection adapt\u00e9e \u00e0 de multiples activit\u00e9s et besoins. Les produits ProOne prot\u00e8gent \u00e9galement la t\u00eate, les yeux et les oreilles lors de vos t\u00e2ches exigeantes, et les gilets et vestes de s\u00e9curit\u00e9 ProOne garantissent votre visibilit\u00e9 sur le chantier.  <\/p><\/div><\/div>\t\t<\/div>\n\t\t\t\t<\/div>\n\t\t\t\t<\/div>\n\t\t<div class=\"elementor-element elementor-element-8412fb5 e-con-full e-flex e-con e-child\" data-id=\"8412fb5\" data-element_type=\"container\" data-settings=\"{&quot;jet_parallax_layout_list&quot;:[],&quot;background_background&quot;:&quot;classic&quot;}\">\n\t\t\t\t<div class=\"elementor-element elementor-element-c910124 elementor-position-top elementor-widget elementor-widget-image-box\" data-id=\"c910124\" data-element_type=\"widget\" data-widget_type=\"image-box.default\">\n\t\t\t\t<div class=\"elementor-widget-container\">\n\t\t\t<div class=\"elementor-image-box-wrapper\"><figure class=\"elementor-image-box-img\"><img decoding=\"async\" width=\"740\" height=\"421\" src=\"https:\/\/v2.dev-proone.ch\/wp-content\/uploads\/2024\/07\/csm_2b-ProOne-Baustoffe_9292af4d7d.jpg\" class=\"attachment-full size-full wp-image-29630\" alt=\"\" srcset=\"https:\/\/v2.dev-proone.ch\/wp-content\/uploads\/2024\/07\/csm_2b-ProOne-Baustoffe_9292af4d7d.jpg 740w, https:\/\/v2.dev-proone.ch\/wp-content\/uploads\/2024\/07\/csm_2b-ProOne-Baustoffe_9292af4d7d-300x171.jpg 300w, https:\/\/v2.dev-proone.ch\/wp-content\/uploads\/2024\/07\/csm_2b-ProOne-Baustoffe_9292af4d7d-600x341.jpg 600w\" sizes=\"(max-width: 740px) 100vw, 740px\" \/><\/figure><div class=\"elementor-image-box-content\"><h3 class=\"elementor-image-box-title\">MAT\u00c9RIAUX DE CONSTRUCTION<\/h3><p class=\"elementor-image-box-description\">L\u2019assortiment de mat\u00e9riaux construction de ProOne comprend des ciments, des mortiers et des enduits pour l\u2019int\u00e9rieur et l\u2019ext\u00e9rieur. Pour garantir un travail propre, vous trouverez \u00e9galement un vaste choix de non-tiss\u00e9s ainsi que des b\u00e2ches de protection et de chantier. Le sac m\u00e9langeur ProOne m\u00e9lange efficacement et en toute simplicit\u00e9 les rev\u00eatements en ciment et le b\u00e9ton. L\u2019essayer, c\u2019est l\u2019adopter !   <\/p><\/div><\/div>\t\t<\/div>\n\t\t\t\t<\/div>\n\t\t\t\t<\/div>\n\t\t<div class=\"elementor-element elementor-element-d6db7a1 e-con-full e-flex e-con e-child\" data-id=\"d6db7a1\" data-element_type=\"container\" data-settings=\"{&quot;jet_parallax_layout_list&quot;:[],&quot;background_background&quot;:&quot;classic&quot;}\">\n\t\t\t\t<div class=\"elementor-element elementor-element-3baea4b elementor-position-top elementor-widget elementor-widget-image-box\" data-id=\"3baea4b\" data-element_type=\"widget\" data-widget_type=\"image-box.default\">\n\t\t\t\t<div class=\"elementor-widget-container\">\n\t\t\t<div class=\"elementor-image-box-wrapper\"><figure class=\"elementor-image-box-img\"><img decoding=\"async\" width=\"740\" height=\"421\" src=\"https:\/\/v2.dev-proone.ch\/wp-content\/uploads\/2024\/07\/csm_2c-ProOne_Dichten-Kleben-Streichen_aaa279e3fc.jpg\" class=\"attachment-full size-full wp-image-29633\" alt=\"\" srcset=\"https:\/\/v2.dev-proone.ch\/wp-content\/uploads\/2024\/07\/csm_2c-ProOne_Dichten-Kleben-Streichen_aaa279e3fc.jpg 740w, https:\/\/v2.dev-proone.ch\/wp-content\/uploads\/2024\/07\/csm_2c-ProOne_Dichten-Kleben-Streichen_aaa279e3fc-300x171.jpg 300w, https:\/\/v2.dev-proone.ch\/wp-content\/uploads\/2024\/07\/csm_2c-ProOne_Dichten-Kleben-Streichen_aaa279e3fc-600x341.jpg 600w\" sizes=\"(max-width: 740px) 100vw, 740px\" \/><\/figure><div class=\"elementor-image-box-content\"><h3 class=\"elementor-image-box-title\">\u00c9TANCHER, COLLER ET PEINDRE<\/h3><p class=\"elementor-image-box-description\">L\u2019assortiment de ProOne comprend une multitude de produits chimiques pour le b\u00e2timent, destin\u00e9s \u00e0 la pr\u00e9paration, au montage et au nettoyage de votre travail et des surfaces. Il propose \u00e9galement les ustensiles n\u00e9cessaires \u00e0 ces travaux. <\/p><\/div><\/div>\t\t<\/div>\n\t\t\t\t<\/div>\n\t\t\t\t<\/div>\n\t\t\t\t<\/div>\n\t\t<div class=\"elementor-element elementor-element-e2f5823 e-con-full e-flex e-con e-child\" data-id=\"e2f5823\" data-element_type=\"container\" data-settings=\"{&quot;jet_parallax_layout_list&quot;:[]}\">\n\t\t<div class=\"elementor-element elementor-element-1d25ecd e-con-full e-flex e-con e-child\" data-id=\"1d25ecd\" data-element_type=\"container\" data-settings=\"{&quot;jet_parallax_layout_list&quot;:[],&quot;background_background&quot;:&quot;classic&quot;}\">\n\t\t\t\t<div class=\"elementor-element elementor-element-35ffd99 elementor-position-top elementor-widget elementor-widget-image-box\" data-id=\"35ffd99\" data-element_type=\"widget\" data-widget_type=\"image-box.default\">\n\t\t\t\t<div class=\"elementor-widget-container\">\n\t\t\t<div class=\"elementor-image-box-wrapper\"><figure class=\"elementor-image-box-img\"><img loading=\"lazy\" decoding=\"async\" width=\"740\" height=\"421\" src=\"https:\/\/v2.dev-proone.ch\/wp-content\/uploads\/2024\/07\/csm_2d-ProOne-Reinigungsmittel_d26c4f9b91.jpg\" class=\"attachment-full size-full wp-image-29636\" alt=\"\" srcset=\"https:\/\/v2.dev-proone.ch\/wp-content\/uploads\/2024\/07\/csm_2d-ProOne-Reinigungsmittel_d26c4f9b91.jpg 740w, https:\/\/v2.dev-proone.ch\/wp-content\/uploads\/2024\/07\/csm_2d-ProOne-Reinigungsmittel_d26c4f9b91-300x171.jpg 300w, https:\/\/v2.dev-proone.ch\/wp-content\/uploads\/2024\/07\/csm_2d-ProOne-Reinigungsmittel_d26c4f9b91-600x341.jpg 600w\" sizes=\"(max-width: 740px) 100vw, 740px\" \/><\/figure><div class=\"elementor-image-box-content\"><h3 class=\"elementor-image-box-title\">PRODUITS NETTOYANTS<\/h3><p class=\"elementor-image-box-description\">Nettoyants professionnels et multi-usages : pour l\u2019int\u00e9rieur et l\u2019ext\u00e9rieur, classiques ou bio. D\u00e9couvrez les produits de nettoyage de ProOne. Notre vaste assortiment comprend p. ex. des produits pour le nettoyage des salles de bains et des cuisines, contre le calcaire, les mousses et les algues, pour nettoyer et imperm\u00e9abiliser. Tout est propre avec ProOne !  <\/p><\/div><\/div>\t\t<\/div>\n\t\t\t\t<\/div>\n\t\t\t\t<\/div>\n\t\t<div class=\"elementor-element elementor-element-e0d79f9 e-con-full e-flex e-con e-child\" data-id=\"e0d79f9\" data-element_type=\"container\" data-settings=\"{&quot;jet_parallax_layout_list&quot;:[],&quot;background_background&quot;:&quot;classic&quot;}\">\n\t\t\t\t<div class=\"elementor-element elementor-element-64fc436 elementor-position-top elementor-widget elementor-widget-image-box\" data-id=\"64fc436\" data-element_type=\"widget\" data-widget_type=\"image-box.default\">\n\t\t\t\t<div class=\"elementor-widget-container\">\n\t\t\t<div class=\"elementor-image-box-wrapper\"><figure class=\"elementor-image-box-img\"><img decoding=\"async\" width=\"740\" height=\"421\" src=\"https:\/\/v2.dev-proone.ch\/wp-content\/uploads\/2024\/07\/csm_2b-ProOne-Baustoffe_9292af4d7d.jpg\" class=\"attachment-full size-full wp-image-29630\" alt=\"\" srcset=\"https:\/\/v2.dev-proone.ch\/wp-content\/uploads\/2024\/07\/csm_2b-ProOne-Baustoffe_9292af4d7d.jpg 740w, https:\/\/v2.dev-proone.ch\/wp-content\/uploads\/2024\/07\/csm_2b-ProOne-Baustoffe_9292af4d7d-300x171.jpg 300w, https:\/\/v2.dev-proone.ch\/wp-content\/uploads\/2024\/07\/csm_2b-ProOne-Baustoffe_9292af4d7d-600x341.jpg 600w\" sizes=\"(max-width: 740px) 100vw, 740px\" \/><\/figure><div class=\"elementor-image-box-content\"><h3 class=\"elementor-image-box-title\">OUTILLAGE<\/h3><p class=\"elementor-image-box-description\">Chaque m\u00e9tier a ses propres outils. Chez ProOne, vous trouverez un large choix d\u2019outils manuels et \u00e9lectriques pour les t\u00e2ches les plus diverses. Poncez, percez, sciez, enduisez ou martelez avec les outils de ProOne !  <\/p><\/div><\/div>\t\t<\/div>\n\t\t\t\t<\/div>\n\t\t\t\t<\/div>\n\t\t<div class=\"elementor-element elementor-element-9a57383 e-con-full e-flex e-con e-child\" data-id=\"9a57383\" data-element_type=\"container\" data-settings=\"{&quot;jet_parallax_layout_list&quot;:[]}\">\n\t\t\t\t<\/div>\n\t\t\t\t<\/div>\n\t\t\t\t<\/div>\n\t\t\t\t\t<\/div>\n\t\t\t\t<\/div>\n\t\t\t\t<\/div>\n\t\t","protected":false},"excerpt":{"rendered":"<p>ProOne En tant que professionnel, vous travaillez naturellement uniquement avec les meilleurs mat\u00e9riaux et outils professionnels. En choisissant ProOne, vous choisissez des mat\u00e9riaux de premi\u00e8re qualit\u00e9 avec la garantie d\u2019un prix comp\u00e9titif. La gamme ProOne comprend une large gamme de mat\u00e9riaux de construction, d&rsquo;outils et d&rsquo;\u00e9quipements de protection. Surtout pour le professionnel. ProOne. Nous vous [&hellip;]<\/p>\n","protected":false},"author":0,"featured_media":0,"parent":0,"menu_order":0,"comment_status":"closed","ping_status":"closed","template":"","meta":{"footnotes":""},"class_list":["post-28998","page","type-page","status-publish","hentry"],"yoast_head":"<!-- This site is optimized with the Yoast SEO plugin v23.9 - https:\/\/yoast.com\/wordpress\/plugins\/seo\/ -->\n<title>Accueil - proone<\/title>\n<meta name=\"robots\" content=\"noindex, follow, max-snippet:-1, max-image-preview:large, max-video-preview:-1\" \/>\n<meta property=\"og:locale\" content=\"fr_FR\" \/>\n<meta property=\"og:type\" content=\"article\" \/>\n<meta property=\"og:title\" content=\"Accueil - proone\" \/>\n<meta property=\"og:description\" content=\"ProOne En tant que professionnel, vous travaillez naturellement uniquement avec les meilleurs mat\u00e9riaux et outils professionnels. En choisissant ProOne, vous choisissez des mat\u00e9riaux de premi\u00e8re qualit\u00e9 avec la garantie d\u2019un prix comp\u00e9titif. La gamme ProOne comprend une large gamme de mat\u00e9riaux de construction, d&rsquo;outils et d&rsquo;\u00e9quipements de protection. Surtout pour le professionnel. ProOne. Nous vous [&hellip;]\" \/>\n<meta property=\"og:url\" content=\"https:\/\/v2.dev-proone.ch\/fr\/\" \/>\n<meta property=\"og:site_name\" content=\"proone\" \/>\n<meta property=\"article:modified_time\" content=\"2024-09-03T11:30:39+00:00\" \/>\n<meta property=\"og:image\" content=\"https:\/\/v2.dev-proone.ch\/wp-content\/uploads\/2024\/07\/csm_2a-ProOne-Arbeitsschutz-Bekleidung_100c6d9036.jpg\" \/>\n<meta name=\"twitter:card\" content=\"summary_large_image\" \/>\n<meta name=\"twitter:label1\" content=\"Dur\u00e9e de lecture estim\u00e9e\" \/>\n\t<meta name=\"twitter:data1\" content=\"2 minutes\" \/>\n<script type=\"application\/ld+json\" class=\"yoast-schema-graph\">{\"@context\":\"https:\/\/schema.org\",\"@graph\":[{\"@type\":\"WebPage\",\"@id\":\"https:\/\/v2.dev-proone.ch\/fr\/\",\"url\":\"https:\/\/v2.dev-proone.ch\/fr\/\",\"name\":\"Accueil - proone\",\"isPartOf\":{\"@id\":\"https:\/\/v2.dev-proone.ch\/fr\/#website\"},\"primaryImageOfPage\":{\"@id\":\"https:\/\/v2.dev-proone.ch\/fr\/#primaryimage\"},\"image\":{\"@id\":\"https:\/\/v2.dev-proone.ch\/fr\/#primaryimage\"},\"thumbnailUrl\":\"https:\/\/v2.dev-proone.ch\/wp-content\/uploads\/2024\/07\/csm_2a-ProOne-Arbeitsschutz-Bekleidung_100c6d9036.jpg\",\"datePublished\":\"2017-02-16T08:13:19+00:00\",\"dateModified\":\"2024-09-03T11:30:39+00:00\",\"breadcrumb\":{\"@id\":\"https:\/\/v2.dev-proone.ch\/fr\/#breadcrumb\"},\"inLanguage\":\"fr-FR\",\"potentialAction\":[{\"@type\":\"ReadAction\",\"target\":[\"https:\/\/v2.dev-proone.ch\/fr\/\"]}]},{\"@type\":\"ImageObject\",\"inLanguage\":\"fr-FR\",\"@id\":\"https:\/\/v2.dev-proone.ch\/fr\/#primaryimage\",\"url\":\"https:\/\/v2.dev-proone.ch\/wp-content\/uploads\/2024\/07\/csm_2a-ProOne-Arbeitsschutz-Bekleidung_100c6d9036.jpg\",\"contentUrl\":\"https:\/\/v2.dev-proone.ch\/wp-content\/uploads\/2024\/07\/csm_2a-ProOne-Arbeitsschutz-Bekleidung_100c6d9036.jpg\"},{\"@type\":\"BreadcrumbList\",\"@id\":\"https:\/\/v2.dev-proone.ch\/fr\/#breadcrumb\",\"itemListElement\":[{\"@type\":\"ListItem\",\"position\":1,\"name\":\"Accueil\",\"item\":\"https:\/\/v2.dev-proone.ch\/fr\/\"},{\"@type\":\"ListItem\",\"position\":2,\"name\":\"Accueil\"}]},{\"@type\":\"WebSite\",\"@id\":\"https:\/\/v2.dev-proone.ch\/fr\/#website\",\"url\":\"https:\/\/v2.dev-proone.ch\/fr\/\",\"name\":\"proone\",\"description\":\"\",\"potentialAction\":[{\"@type\":\"SearchAction\",\"target\":{\"@type\":\"EntryPoint\",\"urlTemplate\":\"https:\/\/v2.dev-proone.ch\/fr\/?s={search_term_string}\"},\"query-input\":{\"@type\":\"PropertyValueSpecification\",\"valueRequired\":true,\"valueName\":\"search_term_string\"}}],\"inLanguage\":\"fr-FR\"}]}<\/script>\n<!-- \/ Yoast SEO plugin. -->","yoast_head_json":{"title":"Accueil - proone","robots":{"index":"noindex","follow":"follow","max-snippet":"max-snippet:-1","max-image-preview":"max-image-preview:large","max-video-preview":"max-video-preview:-1"},"og_locale":"fr_FR","og_type":"article","og_title":"Accueil - proone","og_description":"ProOne En tant que professionnel, vous travaillez naturellement uniquement avec les meilleurs mat\u00e9riaux et outils professionnels. En choisissant ProOne, vous choisissez des mat\u00e9riaux de premi\u00e8re qualit\u00e9 avec la garantie d\u2019un prix comp\u00e9titif. La gamme ProOne comprend une large gamme de mat\u00e9riaux de construction, d&rsquo;outils et d&rsquo;\u00e9quipements de protection. Surtout pour le professionnel. ProOne. Nous vous [&hellip;]","og_url":"https:\/\/v2.dev-proone.ch\/fr\/","og_site_name":"proone","article_modified_time":"2024-09-03T11:30:39+00:00","og_image":[{"url":"https:\/\/v2.dev-proone.ch\/wp-content\/uploads\/2024\/07\/csm_2a-ProOne-Arbeitsschutz-Bekleidung_100c6d9036.jpg"}],"twitter_card":"summary_large_image","twitter_misc":{"Dur\u00e9e de lecture estim\u00e9e":"2 minutes"},"schema":{"@context":"https:\/\/schema.org","@graph":[{"@type":"WebPage","@id":"https:\/\/v2.dev-proone.ch\/fr\/","url":"https:\/\/v2.dev-proone.ch\/fr\/","name":"Accueil - proone","isPartOf":{"@id":"https:\/\/v2.dev-proone.ch\/fr\/#website"},"primaryImageOfPage":{"@id":"https:\/\/v2.dev-proone.ch\/fr\/#primaryimage"},"image":{"@id":"https:\/\/v2.dev-proone.ch\/fr\/#primaryimage"},"thumbnailUrl":"https:\/\/v2.dev-proone.ch\/wp-content\/uploads\/2024\/07\/csm_2a-ProOne-Arbeitsschutz-Bekleidung_100c6d9036.jpg","datePublished":"2017-02-16T08:13:19+00:00","dateModified":"2024-09-03T11:30:39+00:00","breadcrumb":{"@id":"https:\/\/v2.dev-proone.ch\/fr\/#breadcrumb"},"inLanguage":"fr-FR","potentialAction":[{"@type":"ReadAction","target":["https:\/\/v2.dev-proone.ch\/fr\/"]}]},{"@type":"ImageObject","inLanguage":"fr-FR","@id":"https:\/\/v2.dev-proone.ch\/fr\/#primaryimage","url":"https:\/\/v2.dev-proone.ch\/wp-content\/uploads\/2024\/07\/csm_2a-ProOne-Arbeitsschutz-Bekleidung_100c6d9036.jpg","contentUrl":"https:\/\/v2.dev-proone.ch\/wp-content\/uploads\/2024\/07\/csm_2a-ProOne-Arbeitsschutz-Bekleidung_100c6d9036.jpg"},{"@type":"BreadcrumbList","@id":"https:\/\/v2.dev-proone.ch\/fr\/#breadcrumb","itemListElement":[{"@type":"ListItem","position":1,"name":"Accueil","item":"https:\/\/v2.dev-proone.ch\/fr\/"},{"@type":"ListItem","position":2,"name":"Accueil"}]},{"@type":"WebSite","@id":"https:\/\/v2.dev-proone.ch\/fr\/#website","url":"https:\/\/v2.dev-proone.ch\/fr\/","name":"proone","description":"","potentialAction":[{"@type":"SearchAction","target":{"@type":"EntryPoint","urlTemplate":"https:\/\/v2.dev-proone.ch\/fr\/?s={search_term_string}"},"query-input":{"@type":"PropertyValueSpecification","valueRequired":true,"valueName":"search_term_string"}}],"inLanguage":"fr-FR"}]}},"_links":{"self":[{"href":"https:\/\/v2.dev-proone.ch\/fr\/wp-json\/wp\/v2\/pages\/28998","targetHints":{"allow":["GET"]}}],"collection":[{"href":"https:\/\/v2.dev-proone.ch\/fr\/wp-json\/wp\/v2\/pages"}],"about":[{"href":"https:\/\/v2.dev-proone.ch\/fr\/wp-json\/wp\/v2\/types\/page"}],"replies":[{"embeddable":true,"href":"https:\/\/v2.dev-proone.ch\/fr\/wp-json\/wp\/v2\/comments?post=28998"}],"version-history":[{"count":11,"href":"https:\/\/v2.dev-proone.ch\/fr\/wp-json\/wp\/v2\/pages\/28998\/revisions"}],"predecessor-version":[{"id":34262,"href":"https:\/\/v2.dev-proone.ch\/fr\/wp-json\/wp\/v2\/pages\/28998\/revisions\/34262"}],"wp:attachment":[{"href":"https:\/\/v2.dev-proone.ch\/fr\/wp-json\/wp\/v2\/media?parent=28998"}],"curies":[{"name":"wp","href":"https:\/\/api.w.org\/{rel}","templated":true}]}}