{"id":48771,"date":"2025-10-30T09:38:59","date_gmt":"2025-10-30T08:38:59","guid":{"rendered":"https:\/\/v2.dev-proone.ch\/produit\/knieschoner-gel\/"},"modified":"2025-10-30T09:41:58","modified_gmt":"2025-10-30T08:41:58","slug":"knieschoner-gel","status":"publish","type":"product","link":"https:\/\/v2.dev-proone.ch\/de\/produit\/knieschoner-gel\/","title":{"rendered":"Knieschoner GEL"},"content":{"rendered":"<p>\u2022 Professionelle Kniepolster in ergonomischem Design<br \/>\n\u2022 Gegen St\u00f6\u00dfe und Unebenheiten des Bodens<br \/>\n\u2022  Silikongel im Inneren gibt eine hohe Stabilit\u00e4t und vermeidet die<br \/>\n\u00dcberlastung von B\u00e4ndern und Sehnen.<br \/>\n\u2022 Gem\u00e4\u00df EN 14404<br \/>\n\u2022 Knieschoner Typ 1<\/p>\n","protected":false},"excerpt":{"rendered":"<p>\u2022 Professionelle Kniepolster in ergonomischem Design<br \/>\n\u2022 Gegen St\u00f6\u00dfe und Unebenheiten des Bodens<br \/>\n\u2022  Silikongel im Inneren gibt eine hohe Stabilit\u00e4t und vermeidet die<br \/>\n\u00dcberlastung von B\u00e4ndern und Sehnen.<br \/>\n\u2022 Gem\u00e4\u00df EN 14404<br \/>\n\u2022 Knieschoner Typ 1<\/p>\n","protected":false},"featured_media":30523,"template":"","meta":[],"product_cat":[74],"product_tag":[],"class_list":{"0":"post-48771","1":"product","2":"type-product","3":"status-publish","4":"has-post-thumbnail","6":"product_cat-arbeitsschutz-und-bekleidung","8":"first","9":"instock","10":"purchasable","11":"product-type-simple"},"yoast_head":"<!-- This site is optimized with the Yoast SEO plugin v23.9 - https:\/\/yoast.com\/wordpress\/plugins\/seo\/ -->\n<title>Knieschoner GEL - proone<\/title>\n<meta name=\"robots\" content=\"noindex, follow, max-snippet:-1, max-image-preview:large, max-video-preview:-1\" \/>\n<meta property=\"og:locale\" content=\"de_DE\" \/>\n<meta property=\"og:type\" content=\"article\" \/>\n<meta property=\"og:title\" content=\"Knieschoner GEL - proone\" \/>\n<meta property=\"og:description\" content=\"\u2022 Professionelle Kniepolster in ergonomischem Design \u2022 Gegen St\u00f6\u00dfe und Unebenheiten des Bodens \u2022 Silikongel im Inneren gibt eine hohe Stabilit\u00e4t und vermeidet die \u00dcberlastung von B\u00e4ndern und Sehnen. \u2022 Gem\u00e4\u00df EN 14404 \u2022 Knieschoner Typ 1\" \/>\n<meta property=\"og:url\" content=\"https:\/\/v2.dev-proone.ch\/de\/produit\/knieschoner-gel\/\" \/>\n<meta property=\"og:site_name\" content=\"proone\" \/>\n<meta property=\"article:modified_time\" content=\"2025-10-30T08:41:58+00:00\" \/>\n<meta property=\"og:image\" content=\"https:\/\/v2.dev-proone.ch\/wp-content\/uploads\/products\/7849903.jpg\" \/>\n\t<meta property=\"og:image:width\" content=\"1021\" \/>\n\t<meta property=\"og:image:height\" content=\"1197\" \/>\n\t<meta property=\"og:image:type\" content=\"image\/jpeg\" \/>\n<meta name=\"twitter:card\" content=\"summary_large_image\" \/>\n<script type=\"application\/ld+json\" class=\"yoast-schema-graph\">{\"@context\":\"https:\/\/schema.org\",\"@graph\":[{\"@type\":\"WebPage\",\"@id\":\"https:\/\/v2.dev-proone.ch\/de\/produit\/knieschoner-gel\/\",\"url\":\"https:\/\/v2.dev-proone.ch\/de\/produit\/knieschoner-gel\/\",\"name\":\"Knieschoner GEL - proone\",\"isPartOf\":{\"@id\":\"https:\/\/v2.dev-proone.ch\/fr\/#website\"},\"primaryImageOfPage\":{\"@id\":\"https:\/\/v2.dev-proone.ch\/de\/produit\/knieschoner-gel\/#primaryimage\"},\"image\":{\"@id\":\"https:\/\/v2.dev-proone.ch\/de\/produit\/knieschoner-gel\/#primaryimage\"},\"thumbnailUrl\":\"https:\/\/v2.dev-proone.ch\/wp-content\/uploads\/products\/7849903.jpg\",\"datePublished\":\"2025-10-30T08:38:59+00:00\",\"dateModified\":\"2025-10-30T08:41:58+00:00\",\"breadcrumb\":{\"@id\":\"https:\/\/v2.dev-proone.ch\/de\/produit\/knieschoner-gel\/#breadcrumb\"},\"inLanguage\":\"de\",\"potentialAction\":[{\"@type\":\"ReadAction\",\"target\":[\"https:\/\/v2.dev-proone.ch\/de\/produit\/knieschoner-gel\/\"]}]},{\"@type\":\"ImageObject\",\"inLanguage\":\"de\",\"@id\":\"https:\/\/v2.dev-proone.ch\/de\/produit\/knieschoner-gel\/#primaryimage\",\"url\":\"https:\/\/v2.dev-proone.ch\/wp-content\/uploads\/products\/7849903.jpg\",\"contentUrl\":\"https:\/\/v2.dev-proone.ch\/wp-content\/uploads\/products\/7849903.jpg\",\"width\":1021,\"height\":1197},{\"@type\":\"BreadcrumbList\",\"@id\":\"https:\/\/v2.dev-proone.ch\/de\/produit\/knieschoner-gel\/#breadcrumb\",\"itemListElement\":[{\"@type\":\"ListItem\",\"position\":1,\"name\":\"Accueil\",\"item\":\"https:\/\/v2.dev-proone.ch\/de\/\"},{\"@type\":\"ListItem\",\"position\":2,\"name\":\"Shop\",\"item\":\"https:\/\/v2.dev-proone.ch\/de\/shop\/\"},{\"@type\":\"ListItem\",\"position\":3,\"name\":\"Knieschoner GEL\"}]},{\"@type\":\"WebSite\",\"@id\":\"https:\/\/v2.dev-proone.ch\/fr\/#website\",\"url\":\"https:\/\/v2.dev-proone.ch\/fr\/\",\"name\":\"proone\",\"description\":\"\",\"potentialAction\":[{\"@type\":\"SearchAction\",\"target\":{\"@type\":\"EntryPoint\",\"urlTemplate\":\"https:\/\/v2.dev-proone.ch\/fr\/?s={search_term_string}\"},\"query-input\":{\"@type\":\"PropertyValueSpecification\",\"valueRequired\":true,\"valueName\":\"search_term_string\"}}],\"inLanguage\":\"de\"}]}<\/script>\n<!-- \/ Yoast SEO plugin. -->","yoast_head_json":{"title":"Knieschoner GEL - proone","robots":{"index":"noindex","follow":"follow","max-snippet":"max-snippet:-1","max-image-preview":"max-image-preview:large","max-video-preview":"max-video-preview:-1"},"og_locale":"de_DE","og_type":"article","og_title":"Knieschoner GEL - proone","og_description":"\u2022 Professionelle Kniepolster in ergonomischem Design \u2022 Gegen St\u00f6\u00dfe und Unebenheiten des Bodens \u2022 Silikongel im Inneren gibt eine hohe Stabilit\u00e4t und vermeidet die \u00dcberlastung von B\u00e4ndern und Sehnen. \u2022 Gem\u00e4\u00df EN 14404 \u2022 Knieschoner Typ 1","og_url":"https:\/\/v2.dev-proone.ch\/de\/produit\/knieschoner-gel\/","og_site_name":"proone","article_modified_time":"2025-10-30T08:41:58+00:00","og_image":[{"width":1021,"height":1197,"url":"https:\/\/v2.dev-proone.ch\/wp-content\/uploads\/products\/7849903.jpg","type":"image\/jpeg"}],"twitter_card":"summary_large_image","schema":{"@context":"https:\/\/schema.org","@graph":[{"@type":"WebPage","@id":"https:\/\/v2.dev-proone.ch\/de\/produit\/knieschoner-gel\/","url":"https:\/\/v2.dev-proone.ch\/de\/produit\/knieschoner-gel\/","name":"Knieschoner GEL - proone","isPartOf":{"@id":"https:\/\/v2.dev-proone.ch\/fr\/#website"},"primaryImageOfPage":{"@id":"https:\/\/v2.dev-proone.ch\/de\/produit\/knieschoner-gel\/#primaryimage"},"image":{"@id":"https:\/\/v2.dev-proone.ch\/de\/produit\/knieschoner-gel\/#primaryimage"},"thumbnailUrl":"https:\/\/v2.dev-proone.ch\/wp-content\/uploads\/products\/7849903.jpg","datePublished":"2025-10-30T08:38:59+00:00","dateModified":"2025-10-30T08:41:58+00:00","breadcrumb":{"@id":"https:\/\/v2.dev-proone.ch\/de\/produit\/knieschoner-gel\/#breadcrumb"},"inLanguage":"de","potentialAction":[{"@type":"ReadAction","target":["https:\/\/v2.dev-proone.ch\/de\/produit\/knieschoner-gel\/"]}]},{"@type":"ImageObject","inLanguage":"de","@id":"https:\/\/v2.dev-proone.ch\/de\/produit\/knieschoner-gel\/#primaryimage","url":"https:\/\/v2.dev-proone.ch\/wp-content\/uploads\/products\/7849903.jpg","contentUrl":"https:\/\/v2.dev-proone.ch\/wp-content\/uploads\/products\/7849903.jpg","width":1021,"height":1197},{"@type":"BreadcrumbList","@id":"https:\/\/v2.dev-proone.ch\/de\/produit\/knieschoner-gel\/#breadcrumb","itemListElement":[{"@type":"ListItem","position":1,"name":"Accueil","item":"https:\/\/v2.dev-proone.ch\/de\/"},{"@type":"ListItem","position":2,"name":"Shop","item":"https:\/\/v2.dev-proone.ch\/de\/shop\/"},{"@type":"ListItem","position":3,"name":"Knieschoner GEL"}]},{"@type":"WebSite","@id":"https:\/\/v2.dev-proone.ch\/fr\/#website","url":"https:\/\/v2.dev-proone.ch\/fr\/","name":"proone","description":"","potentialAction":[{"@type":"SearchAction","target":{"@type":"EntryPoint","urlTemplate":"https:\/\/v2.dev-proone.ch\/fr\/?s={search_term_string}"},"query-input":{"@type":"PropertyValueSpecification","valueRequired":true,"valueName":"search_term_string"}}],"inLanguage":"de"}]}},"_links":{"self":[{"href":"https:\/\/v2.dev-proone.ch\/de\/wp-json\/wp\/v2\/product\/48771","targetHints":{"allow":["GET"]}}],"collection":[{"href":"https:\/\/v2.dev-proone.ch\/de\/wp-json\/wp\/v2\/product"}],"about":[{"href":"https:\/\/v2.dev-proone.ch\/de\/wp-json\/wp\/v2\/types\/product"}],"wp:featuredmedia":[{"embeddable":true,"href":"https:\/\/v2.dev-proone.ch\/de\/wp-json\/wp\/v2\/media\/30523"}],"wp:attachment":[{"href":"https:\/\/v2.dev-proone.ch\/de\/wp-json\/wp\/v2\/media?parent=48771"}],"wp:term":[{"taxonomy":"product_cat","embeddable":true,"href":"https:\/\/v2.dev-proone.ch\/de\/wp-json\/wp\/v2\/product_cat?post=48771"},{"taxonomy":"product_tag","embeddable":true,"href":"https:\/\/v2.dev-proone.ch\/de\/wp-json\/wp\/v2\/product_tag?post=48771"}],"curies":[{"name":"wp","href":"https:\/\/api.w.org\/{rel}","templated":true}]}}