{"id":36,"date":"2017-02-16T09:13:19","date_gmt":"2017-02-16T08:13:19","guid":{"rendered":"http:\/\/mxajfmgl.preview.infomaniak.website\/?page_id=36"},"modified":"2024-09-03T13:30:39","modified_gmt":"2024-09-03T11:30:39","slug":"home","status":"publish","type":"page","link":"https:\/\/v2.dev-proone.ch\/de\/","title":{"rendered":"HOME"},"content":{"rendered":"\t\t<div data-elementor-type=\"wp-page\" data-elementor-id=\"36\" class=\"elementor elementor-36\">\n\t\t\t\t<div class=\"elementor-element elementor-element-43b71ae e-flex e-con-boxed e-con e-parent\" data-id=\"43b71ae\" data-element_type=\"container\" data-settings=\"{&quot;jet_parallax_layout_list&quot;:[],&quot;background_background&quot;:&quot;classic&quot;}\">\n\t\t\t\t\t<div class=\"e-con-inner\">\n\t\t\t\t<div class=\"elementor-element elementor-element-f7757a3 elementor-widget elementor-widget-html\" data-id=\"f7757a3\" data-element_type=\"widget\" data-widget_type=\"html.default\">\n\t\t\t\t<div class=\"elementor-widget-container\">\n\t\t\t<style>\n\n .elementor-element-40a437a {display:none;}\n\n\/*\n\nbody { background-color: #afca0b ; }\n\n  .hero__image {\n            position: absolute;\n            width: 100%;\n            height: 100%;\n             background-color: #afca0b; \n             \nbackground-image: url('https:\/\/dev-proone.ch\/wp-content\/uploads\/2024\/09\/header-image-en-1.jpg');\nbackground-repeat: no-repeat;\nbackground-position: center;\nbackground-size: cover;\n\n}\n\n@media (max-width: 767px) {\n      .hero__image {\n background-color: #fff; \n background-image:none;\n    }\n}\n       header {\n  \n    z-index: 0; \/* Attribue un z-index de 99 \u00e0 l'\u00e9l\u00e9ment header \n}\n\n  \n        .hero__ramp svg path {\n            fill: #afca0b; \n        } *\/\n        \n        <\/style>\t\t<\/div>\n\t\t\t\t<\/div>\n\t\t\t\t\t<\/div>\n\t\t\t\t<\/div>\n\t\t<div class=\"elementor-element elementor-element-43bea40 e-flex e-con-boxed e-con e-parent\" data-id=\"43bea40\" data-element_type=\"container\" data-settings=\"{&quot;background_background&quot;:&quot;classic&quot;,&quot;jet_parallax_layout_list&quot;:[]}\">\n\t\t\t\t\t<div class=\"e-con-inner\">\n\t\t<div class=\"elementor-element elementor-element-1111700 e-con-full e-flex e-con e-child\" data-id=\"1111700\" data-element_type=\"container\" data-settings=\"{&quot;background_background&quot;:&quot;classic&quot;,&quot;jet_parallax_layout_list&quot;:[]}\">\n\t\t\t\t<div class=\"elementor-element elementor-element-63c6c7d elementor-widget elementor-widget-heading\" data-id=\"63c6c7d\" data-element_type=\"widget\" data-widget_type=\"heading.default\">\n\t\t\t\t<div class=\"elementor-widget-container\">\n\t\t\t<h1 class=\"elementor-heading-title elementor-size-default\">ProOne<\/h1>\t\t<\/div>\n\t\t\t\t<\/div>\n\t\t\t\t<div class=\"elementor-element elementor-element-8754b3e elementor-widget elementor-widget-text-editor\" data-id=\"8754b3e\" data-element_type=\"widget\" data-widget_type=\"text-editor.default\">\n\t\t\t\t<div class=\"elementor-widget-container\">\n\t\t\t\t\t\t\t<p>Als Handwerker arbeiten Sie nur mit den besten Materialien und professionelle Werkzeugen. Wenn Sie sich f\u00fcr ProOne entscheiden, setzen Sie immer auf Spitzenqualit\u00e4t zu einem garantiert g\u00fcnstigen Preis. Das ProOne Sortiment besteht aus einer breiten Palette an Baumaterialien, Werkzeugen sowie Arbeitskleidung und ist in Ihrem Standort immer auf Lager verf\u00fcgbar.<\/p>\t\t\t\t\t\t<\/div>\n\t\t\t\t<\/div>\n\t\t\t\t<\/div>\n\t\t<div class=\"elementor-element elementor-element-273fb5e e-con-full e-flex e-con e-child\" data-id=\"273fb5e\" data-element_type=\"container\" data-settings=\"{&quot;jet_parallax_layout_list&quot;:[],&quot;background_background&quot;:&quot;classic&quot;}\">\n\t\t\t\t<\/div>\n\t\t\t\t\t<\/div>\n\t\t\t\t<\/div>\n\t\t<div class=\"elementor-element elementor-element-750b457 e-flex e-con-boxed e-con e-parent\" data-id=\"750b457\" data-element_type=\"container\" data-settings=\"{&quot;background_background&quot;:&quot;classic&quot;,&quot;jet_parallax_layout_list&quot;:[]}\">\n\t\t\t\t\t<div class=\"e-con-inner\">\n\t\t\t\t\t<\/div>\n\t\t\t\t<\/div>\n\t\t<div class=\"elementor-element elementor-element-ea8af85 e-flex e-con-boxed e-con e-parent\" data-id=\"ea8af85\" data-element_type=\"container\" data-settings=\"{&quot;jet_parallax_layout_list&quot;:[],&quot;background_background&quot;:&quot;classic&quot;}\">\n\t\t\t\t\t<div class=\"e-con-inner\">\n\t\t<div class=\"elementor-element elementor-element-05637e9 e-con-full e-flex e-con e-child\" data-id=\"05637e9\" data-element_type=\"container\" data-settings=\"{&quot;jet_parallax_layout_list&quot;:[]}\">\n\t\t\t\t<div class=\"elementor-element elementor-element-8c9aaeb elementor-widget elementor-widget-heading\" data-id=\"8c9aaeb\" data-element_type=\"widget\" data-widget_type=\"heading.default\">\n\t\t\t\t<div class=\"elementor-widget-container\">\n\t\t\t<h1 class=\"elementor-heading-title elementor-size-default\">ProOne \u2013 UNSERE EIGENMARKE F\u00dcR DEN ROHBAU<\/h1>\t\t<\/div>\n\t\t\t\t<\/div>\n\t\t\t\t<div class=\"elementor-element elementor-element-d3b5b63 elementor-widget elementor-widget-text-editor\" data-id=\"d3b5b63\" data-element_type=\"widget\" data-widget_type=\"text-editor.default\">\n\t\t\t\t<div class=\"elementor-widget-container\">\n\t\t\t\t\t\t\t<p>Die Produktlinie von ProOne umfasst ein Grundsortiment von \u00fcber 600 Produkten und wird laufend durch weitere hochwertige Artikel erg\u00e4nzt. Mit ProOne entscheiden Sie sich f\u00fcr hochwertige Materialien zu einem wettbewerbsf\u00e4higen Preis. Die Produkte von ProOne werden von Profis sorgf\u00e4ltig entwickelt. Dadurch stellen wir sicher, dass sie den hohen Qualit\u00e4tsstandards und Bed\u00fcrfnissen unserer Kunden gerecht werden.<\/p>\t\t\t\t\t\t<\/div>\n\t\t\t\t<\/div>\n\t\t<div class=\"elementor-element elementor-element-20921df e-con-full e-flex e-con e-child\" data-id=\"20921df\" data-element_type=\"container\" data-settings=\"{&quot;jet_parallax_layout_list&quot;:[]}\">\n\t\t<div class=\"elementor-element elementor-element-f6a1c8f e-con-full e-flex e-con e-child\" data-id=\"f6a1c8f\" data-element_type=\"container\" data-settings=\"{&quot;jet_parallax_layout_list&quot;:[],&quot;background_background&quot;:&quot;classic&quot;}\">\n\t\t\t\t<div class=\"elementor-element elementor-element-73de4b8 elementor-position-top elementor-widget elementor-widget-image-box\" data-id=\"73de4b8\" data-element_type=\"widget\" data-widget_type=\"image-box.default\">\n\t\t\t\t<div class=\"elementor-widget-container\">\n\t\t\t<div class=\"elementor-image-box-wrapper\"><figure class=\"elementor-image-box-img\"><img fetchpriority=\"high\" decoding=\"async\" width=\"740\" height=\"421\" src=\"https:\/\/v2.dev-proone.ch\/wp-content\/uploads\/2024\/07\/csm_2a-ProOne-Arbeitsschutz-Bekleidung_100c6d9036.jpg\" class=\"attachment-full size-full wp-image-29626\" alt=\"\" srcset=\"https:\/\/v2.dev-proone.ch\/wp-content\/uploads\/2024\/07\/csm_2a-ProOne-Arbeitsschutz-Bekleidung_100c6d9036.jpg 740w, https:\/\/v2.dev-proone.ch\/wp-content\/uploads\/2024\/07\/csm_2a-ProOne-Arbeitsschutz-Bekleidung_100c6d9036-300x171.jpg 300w, https:\/\/v2.dev-proone.ch\/wp-content\/uploads\/2024\/07\/csm_2a-ProOne-Arbeitsschutz-Bekleidung_100c6d9036-600x341.jpg 600w\" sizes=\"(max-width: 740px) 100vw, 740px\" \/><\/figure><div class=\"elementor-image-box-content\"><h3 class=\"elementor-image-box-title\">ARBEITSSCHUTZ<\/h3><p class=\"elementor-image-box-description\">Im Sortiment von ProOne finden Sie Ihre Grundausstattung f\u00fcr einen sicheren rbeitsalltag auf der Baustelle. Beispielsweise bietet unser breites Sortiment an andschuhen Schutz f\u00fcr verschiedenste T\u00e4tigkeiten und Bed\u00fcrfnisse. ProOne Produkte sch\u00fctzen  ferner Kopf, Augen und Ohren bei Ihren anspruchsvollen Aufgaben und die Sicherheitswesten und Jacken von ProOne garantieren Ihre Sichtbarkeit auf der Baustelle.<\/p><\/div><\/div>\t\t<\/div>\n\t\t\t\t<\/div>\n\t\t\t\t<\/div>\n\t\t<div class=\"elementor-element elementor-element-8412fb5 e-con-full e-flex e-con e-child\" data-id=\"8412fb5\" data-element_type=\"container\" data-settings=\"{&quot;jet_parallax_layout_list&quot;:[],&quot;background_background&quot;:&quot;classic&quot;}\">\n\t\t\t\t<div class=\"elementor-element elementor-element-c910124 elementor-position-top elementor-widget elementor-widget-image-box\" data-id=\"c910124\" data-element_type=\"widget\" data-widget_type=\"image-box.default\">\n\t\t\t\t<div class=\"elementor-widget-container\">\n\t\t\t<div class=\"elementor-image-box-wrapper\"><figure class=\"elementor-image-box-img\"><img decoding=\"async\" width=\"740\" height=\"421\" src=\"https:\/\/v2.dev-proone.ch\/wp-content\/uploads\/2024\/07\/csm_2b-ProOne-Baustoffe_9292af4d7d.jpg\" class=\"attachment-full size-full wp-image-29629\" alt=\"\" srcset=\"https:\/\/v2.dev-proone.ch\/wp-content\/uploads\/2024\/07\/csm_2b-ProOne-Baustoffe_9292af4d7d.jpg 740w, https:\/\/v2.dev-proone.ch\/wp-content\/uploads\/2024\/07\/csm_2b-ProOne-Baustoffe_9292af4d7d-300x171.jpg 300w, https:\/\/v2.dev-proone.ch\/wp-content\/uploads\/2024\/07\/csm_2b-ProOne-Baustoffe_9292af4d7d-600x341.jpg 600w\" sizes=\"(max-width: 740px) 100vw, 740px\" \/><\/figure><div class=\"elementor-image-box-content\"><h3 class=\"elementor-image-box-title\">BAUSTOFFE<\/h3><p class=\"elementor-image-box-description\">Das Baustoffsortiment von ProOne bietet Zemente, M\u00f6rtel und Putze f\u00fcr den Innen- und Aussenbereich. F\u00fcr ein sauberes Arbeiten finden Sie hier ebenfalls ein grosses Angebot an Trenn- und Abdeckvliesen sowie Abdeck- und Baufolien. Der ProOne R\u00fchrsack mischt Zement\u00fcberz\u00fcge und Beton effizient und einfach. Probieren Sie ihn aus!<\/p><\/div><\/div>\t\t<\/div>\n\t\t\t\t<\/div>\n\t\t\t\t<\/div>\n\t\t<div class=\"elementor-element elementor-element-d6db7a1 e-con-full e-flex e-con e-child\" data-id=\"d6db7a1\" data-element_type=\"container\" data-settings=\"{&quot;jet_parallax_layout_list&quot;:[],&quot;background_background&quot;:&quot;classic&quot;}\">\n\t\t\t\t<div class=\"elementor-element elementor-element-3baea4b elementor-position-top elementor-widget elementor-widget-image-box\" data-id=\"3baea4b\" data-element_type=\"widget\" data-widget_type=\"image-box.default\">\n\t\t\t\t<div class=\"elementor-widget-container\">\n\t\t\t<div class=\"elementor-image-box-wrapper\"><figure class=\"elementor-image-box-img\"><img decoding=\"async\" width=\"740\" height=\"421\" src=\"https:\/\/v2.dev-proone.ch\/wp-content\/uploads\/2024\/07\/csm_2c-ProOne_Dichten-Kleben-Streichen_aaa279e3fc.jpg\" class=\"attachment-full size-full wp-image-29632\" alt=\"\" srcset=\"https:\/\/v2.dev-proone.ch\/wp-content\/uploads\/2024\/07\/csm_2c-ProOne_Dichten-Kleben-Streichen_aaa279e3fc.jpg 740w, https:\/\/v2.dev-proone.ch\/wp-content\/uploads\/2024\/07\/csm_2c-ProOne_Dichten-Kleben-Streichen_aaa279e3fc-300x171.jpg 300w, https:\/\/v2.dev-proone.ch\/wp-content\/uploads\/2024\/07\/csm_2c-ProOne_Dichten-Kleben-Streichen_aaa279e3fc-600x341.jpg 600w\" sizes=\"(max-width: 740px) 100vw, 740px\" \/><\/figure><div class=\"elementor-image-box-content\"><h3 class=\"elementor-image-box-title\">DICHTEN, KLEBEN UND STREICHEN<\/h3><p class=\"elementor-image-box-description\">Das Sortiment von ProOne umfasst eine Vielzahl an bauchemischen Produkten zur Vorbereitung, Montage und Reinigung Ihrer Arbeitsleistung und Fl\u00e4chen. Es umfasst ebenfalls die zu diesen Arbeiten ben\u00f6tigten Utensilien.<\/p><\/div><\/div>\t\t<\/div>\n\t\t\t\t<\/div>\n\t\t\t\t<\/div>\n\t\t\t\t<\/div>\n\t\t<div class=\"elementor-element elementor-element-e2f5823 e-con-full e-flex e-con e-child\" data-id=\"e2f5823\" data-element_type=\"container\" data-settings=\"{&quot;jet_parallax_layout_list&quot;:[]}\">\n\t\t<div class=\"elementor-element elementor-element-1d25ecd e-con-full e-flex e-con e-child\" data-id=\"1d25ecd\" data-element_type=\"container\" data-settings=\"{&quot;jet_parallax_layout_list&quot;:[],&quot;background_background&quot;:&quot;classic&quot;}\">\n\t\t\t\t<div class=\"elementor-element elementor-element-35ffd99 elementor-position-top elementor-widget elementor-widget-image-box\" data-id=\"35ffd99\" data-element_type=\"widget\" data-widget_type=\"image-box.default\">\n\t\t\t\t<div class=\"elementor-widget-container\">\n\t\t\t<div class=\"elementor-image-box-wrapper\"><figure class=\"elementor-image-box-img\"><img loading=\"lazy\" decoding=\"async\" width=\"740\" height=\"421\" src=\"https:\/\/v2.dev-proone.ch\/wp-content\/uploads\/2024\/07\/csm_2d-ProOne-Reinigungsmittel_d26c4f9b91.jpg\" class=\"attachment-full size-full wp-image-29635\" alt=\"\" srcset=\"https:\/\/v2.dev-proone.ch\/wp-content\/uploads\/2024\/07\/csm_2d-ProOne-Reinigungsmittel_d26c4f9b91.jpg 740w, https:\/\/v2.dev-proone.ch\/wp-content\/uploads\/2024\/07\/csm_2d-ProOne-Reinigungsmittel_d26c4f9b91-300x171.jpg 300w, https:\/\/v2.dev-proone.ch\/wp-content\/uploads\/2024\/07\/csm_2d-ProOne-Reinigungsmittel_d26c4f9b91-600x341.jpg 600w\" sizes=\"(max-width: 740px) 100vw, 740px\" \/><\/figure><div class=\"elementor-image-box-content\"><h3 class=\"elementor-image-box-title\">REINIGUNGSMITTEL<\/h3><p class=\"elementor-image-box-description\">Profi- und Allzweckreiniger: f\u00fcr Innen- und Aussen, Klassisch oder Bio \u2013 entdecken Sie die Reinigungsprodukte von ProOne. Unser breites Sortiment erstreckt sich z.B. \u00fcber Produkte zur Bad- und K\u00fcchenreinigung, zur Impr\u00e4gnierung bis hin zu Reinigern gegen Kalk, Moose und Algen. Alles Sauber mit ProOne!<\/p><\/div><\/div>\t\t<\/div>\n\t\t\t\t<\/div>\n\t\t\t\t<\/div>\n\t\t<div class=\"elementor-element elementor-element-e0d79f9 e-con-full e-flex e-con e-child\" data-id=\"e0d79f9\" data-element_type=\"container\" data-settings=\"{&quot;jet_parallax_layout_list&quot;:[],&quot;background_background&quot;:&quot;classic&quot;}\">\n\t\t\t\t<div class=\"elementor-element elementor-element-64fc436 elementor-position-top elementor-widget elementor-widget-image-box\" data-id=\"64fc436\" data-element_type=\"widget\" data-widget_type=\"image-box.default\">\n\t\t\t\t<div class=\"elementor-widget-container\">\n\t\t\t<div class=\"elementor-image-box-wrapper\"><figure class=\"elementor-image-box-img\"><img decoding=\"async\" width=\"740\" height=\"421\" src=\"https:\/\/v2.dev-proone.ch\/wp-content\/uploads\/2024\/07\/csm_2b-ProOne-Baustoffe_9292af4d7d.jpg\" class=\"attachment-full size-full wp-image-29629\" alt=\"\" srcset=\"https:\/\/v2.dev-proone.ch\/wp-content\/uploads\/2024\/07\/csm_2b-ProOne-Baustoffe_9292af4d7d.jpg 740w, https:\/\/v2.dev-proone.ch\/wp-content\/uploads\/2024\/07\/csm_2b-ProOne-Baustoffe_9292af4d7d-300x171.jpg 300w, https:\/\/v2.dev-proone.ch\/wp-content\/uploads\/2024\/07\/csm_2b-ProOne-Baustoffe_9292af4d7d-600x341.jpg 600w\" sizes=\"(max-width: 740px) 100vw, 740px\" \/><\/figure><div class=\"elementor-image-box-content\"><h3 class=\"elementor-image-box-title\">WERKZEUGE<\/h3><p class=\"elementor-image-box-description\">Jedes Handwerk ben\u00f6tigt sein Werkzeug. Bei ProOne finden Sie eine grosse Auswahl an Hand- und Elektrowerkzeugen f\u00fcr die verschiedensten Aufgaben. Schleifen, Bohren, S\u00e4gen, Spachteln oder H\u00e4mmern Sie mit den Werkzeugen von ProOne!<\/p><\/div><\/div>\t\t<\/div>\n\t\t\t\t<\/div>\n\t\t\t\t<\/div>\n\t\t<div class=\"elementor-element elementor-element-9a57383 e-con-full e-flex e-con e-child\" data-id=\"9a57383\" data-element_type=\"container\" data-settings=\"{&quot;jet_parallax_layout_list&quot;:[]}\">\n\t\t\t\t<\/div>\n\t\t\t\t<\/div>\n\t\t\t\t<\/div>\n\t\t\t\t\t<\/div>\n\t\t\t\t<\/div>\n\t\t\t\t<\/div>\n\t\t","protected":false},"excerpt":{"rendered":"<p>ProOne Als Handwerker arbeiten Sie nur mit den besten Materialien und professionelle Werkzeugen. Wenn Sie sich f\u00fcr ProOne entscheiden, setzen Sie immer auf Spitzenqualit\u00e4t zu einem garantiert g\u00fcnstigen Preis. Das ProOne Sortiment besteht aus einer breiten Palette an Baumaterialien, Werkzeugen sowie Arbeitskleidung und ist in Ihrem Standort immer auf Lager verf\u00fcgbar. ProOne \u2013 UNSERE EIGENMARKE [&hellip;]<\/p>\n","protected":false},"author":0,"featured_media":0,"parent":0,"menu_order":0,"comment_status":"closed","ping_status":"closed","template":"","meta":{"footnotes":""},"class_list":["post-36","page","type-page","status-publish","hentry"],"yoast_head":"<!-- This site is optimized with the Yoast SEO plugin v23.9 - https:\/\/yoast.com\/wordpress\/plugins\/seo\/ -->\n<title>HOME - proone<\/title>\n<meta name=\"robots\" content=\"noindex, follow, max-snippet:-1, max-image-preview:large, max-video-preview:-1\" \/>\n<meta property=\"og:locale\" content=\"de_DE\" \/>\n<meta property=\"og:type\" content=\"article\" \/>\n<meta property=\"og:title\" content=\"HOME - proone\" \/>\n<meta property=\"og:description\" content=\"ProOne Als Handwerker arbeiten Sie nur mit den besten Materialien und professionelle Werkzeugen. Wenn Sie sich f\u00fcr ProOne entscheiden, setzen Sie immer auf Spitzenqualit\u00e4t zu einem garantiert g\u00fcnstigen Preis. Das ProOne Sortiment besteht aus einer breiten Palette an Baumaterialien, Werkzeugen sowie Arbeitskleidung und ist in Ihrem Standort immer auf Lager verf\u00fcgbar. ProOne \u2013 UNSERE EIGENMARKE [&hellip;]\" \/>\n<meta property=\"og:url\" content=\"https:\/\/v2.dev-proone.ch\/de\/\" \/>\n<meta property=\"og:site_name\" content=\"proone\" \/>\n<meta property=\"article:modified_time\" content=\"2024-09-03T11:30:39+00:00\" \/>\n<meta property=\"og:image\" content=\"https:\/\/v2.dev-proone.ch\/wp-content\/uploads\/2024\/07\/csm_2a-ProOne-Arbeitsschutz-Bekleidung_100c6d9036.jpg\" \/>\n<meta name=\"twitter:card\" content=\"summary_large_image\" \/>\n<meta name=\"twitter:label1\" content=\"Gesch\u00e4tzte Lesezeit\" \/>\n\t<meta name=\"twitter:data1\" content=\"3\u00a0Minuten\" \/>\n<script type=\"application\/ld+json\" class=\"yoast-schema-graph\">{\"@context\":\"https:\/\/schema.org\",\"@graph\":[{\"@type\":\"WebPage\",\"@id\":\"https:\/\/v2.dev-proone.ch\/de\/\",\"url\":\"https:\/\/v2.dev-proone.ch\/de\/\",\"name\":\"HOME - proone\",\"isPartOf\":{\"@id\":\"https:\/\/v2.dev-proone.ch\/fr\/#website\"},\"primaryImageOfPage\":{\"@id\":\"https:\/\/v2.dev-proone.ch\/de\/#primaryimage\"},\"image\":{\"@id\":\"https:\/\/v2.dev-proone.ch\/de\/#primaryimage\"},\"thumbnailUrl\":\"https:\/\/v2.dev-proone.ch\/wp-content\/uploads\/2024\/07\/csm_2a-ProOne-Arbeitsschutz-Bekleidung_100c6d9036.jpg\",\"datePublished\":\"2017-02-16T08:13:19+00:00\",\"dateModified\":\"2024-09-03T11:30:39+00:00\",\"breadcrumb\":{\"@id\":\"https:\/\/v2.dev-proone.ch\/de\/#breadcrumb\"},\"inLanguage\":\"de\",\"potentialAction\":[{\"@type\":\"ReadAction\",\"target\":[\"https:\/\/v2.dev-proone.ch\/de\/\"]}]},{\"@type\":\"ImageObject\",\"inLanguage\":\"de\",\"@id\":\"https:\/\/v2.dev-proone.ch\/de\/#primaryimage\",\"url\":\"https:\/\/v2.dev-proone.ch\/wp-content\/uploads\/2024\/07\/csm_2a-ProOne-Arbeitsschutz-Bekleidung_100c6d9036.jpg\",\"contentUrl\":\"https:\/\/v2.dev-proone.ch\/wp-content\/uploads\/2024\/07\/csm_2a-ProOne-Arbeitsschutz-Bekleidung_100c6d9036.jpg\"},{\"@type\":\"BreadcrumbList\",\"@id\":\"https:\/\/v2.dev-proone.ch\/de\/#breadcrumb\",\"itemListElement\":[{\"@type\":\"ListItem\",\"position\":1,\"name\":\"Accueil\",\"item\":\"https:\/\/v2.dev-proone.ch\/de\/\"},{\"@type\":\"ListItem\",\"position\":2,\"name\":\"HOME\"}]},{\"@type\":\"WebSite\",\"@id\":\"https:\/\/v2.dev-proone.ch\/fr\/#website\",\"url\":\"https:\/\/v2.dev-proone.ch\/fr\/\",\"name\":\"proone\",\"description\":\"\",\"potentialAction\":[{\"@type\":\"SearchAction\",\"target\":{\"@type\":\"EntryPoint\",\"urlTemplate\":\"https:\/\/v2.dev-proone.ch\/fr\/?s={search_term_string}\"},\"query-input\":{\"@type\":\"PropertyValueSpecification\",\"valueRequired\":true,\"valueName\":\"search_term_string\"}}],\"inLanguage\":\"de\"}]}<\/script>\n<!-- \/ Yoast SEO plugin. -->","yoast_head_json":{"title":"HOME - proone","robots":{"index":"noindex","follow":"follow","max-snippet":"max-snippet:-1","max-image-preview":"max-image-preview:large","max-video-preview":"max-video-preview:-1"},"og_locale":"de_DE","og_type":"article","og_title":"HOME - proone","og_description":"ProOne Als Handwerker arbeiten Sie nur mit den besten Materialien und professionelle Werkzeugen. Wenn Sie sich f\u00fcr ProOne entscheiden, setzen Sie immer auf Spitzenqualit\u00e4t zu einem garantiert g\u00fcnstigen Preis. Das ProOne Sortiment besteht aus einer breiten Palette an Baumaterialien, Werkzeugen sowie Arbeitskleidung und ist in Ihrem Standort immer auf Lager verf\u00fcgbar. ProOne \u2013 UNSERE EIGENMARKE [&hellip;]","og_url":"https:\/\/v2.dev-proone.ch\/de\/","og_site_name":"proone","article_modified_time":"2024-09-03T11:30:39+00:00","og_image":[{"url":"https:\/\/v2.dev-proone.ch\/wp-content\/uploads\/2024\/07\/csm_2a-ProOne-Arbeitsschutz-Bekleidung_100c6d9036.jpg"}],"twitter_card":"summary_large_image","twitter_misc":{"Gesch\u00e4tzte Lesezeit":"3\u00a0Minuten"},"schema":{"@context":"https:\/\/schema.org","@graph":[{"@type":"WebPage","@id":"https:\/\/v2.dev-proone.ch\/de\/","url":"https:\/\/v2.dev-proone.ch\/de\/","name":"HOME - proone","isPartOf":{"@id":"https:\/\/v2.dev-proone.ch\/fr\/#website"},"primaryImageOfPage":{"@id":"https:\/\/v2.dev-proone.ch\/de\/#primaryimage"},"image":{"@id":"https:\/\/v2.dev-proone.ch\/de\/#primaryimage"},"thumbnailUrl":"https:\/\/v2.dev-proone.ch\/wp-content\/uploads\/2024\/07\/csm_2a-ProOne-Arbeitsschutz-Bekleidung_100c6d9036.jpg","datePublished":"2017-02-16T08:13:19+00:00","dateModified":"2024-09-03T11:30:39+00:00","breadcrumb":{"@id":"https:\/\/v2.dev-proone.ch\/de\/#breadcrumb"},"inLanguage":"de","potentialAction":[{"@type":"ReadAction","target":["https:\/\/v2.dev-proone.ch\/de\/"]}]},{"@type":"ImageObject","inLanguage":"de","@id":"https:\/\/v2.dev-proone.ch\/de\/#primaryimage","url":"https:\/\/v2.dev-proone.ch\/wp-content\/uploads\/2024\/07\/csm_2a-ProOne-Arbeitsschutz-Bekleidung_100c6d9036.jpg","contentUrl":"https:\/\/v2.dev-proone.ch\/wp-content\/uploads\/2024\/07\/csm_2a-ProOne-Arbeitsschutz-Bekleidung_100c6d9036.jpg"},{"@type":"BreadcrumbList","@id":"https:\/\/v2.dev-proone.ch\/de\/#breadcrumb","itemListElement":[{"@type":"ListItem","position":1,"name":"Accueil","item":"https:\/\/v2.dev-proone.ch\/de\/"},{"@type":"ListItem","position":2,"name":"HOME"}]},{"@type":"WebSite","@id":"https:\/\/v2.dev-proone.ch\/fr\/#website","url":"https:\/\/v2.dev-proone.ch\/fr\/","name":"proone","description":"","potentialAction":[{"@type":"SearchAction","target":{"@type":"EntryPoint","urlTemplate":"https:\/\/v2.dev-proone.ch\/fr\/?s={search_term_string}"},"query-input":{"@type":"PropertyValueSpecification","valueRequired":true,"valueName":"search_term_string"}}],"inLanguage":"de"}]}},"_links":{"self":[{"href":"https:\/\/v2.dev-proone.ch\/de\/wp-json\/wp\/v2\/pages\/36","targetHints":{"allow":["GET"]}}],"collection":[{"href":"https:\/\/v2.dev-proone.ch\/de\/wp-json\/wp\/v2\/pages"}],"about":[{"href":"https:\/\/v2.dev-proone.ch\/de\/wp-json\/wp\/v2\/types\/page"}],"replies":[{"embeddable":true,"href":"https:\/\/v2.dev-proone.ch\/de\/wp-json\/wp\/v2\/comments?post=36"}],"version-history":[{"count":337,"href":"https:\/\/v2.dev-proone.ch\/de\/wp-json\/wp\/v2\/pages\/36\/revisions"}],"predecessor-version":[{"id":34261,"href":"https:\/\/v2.dev-proone.ch\/de\/wp-json\/wp\/v2\/pages\/36\/revisions\/34261"}],"wp:attachment":[{"href":"https:\/\/v2.dev-proone.ch\/de\/wp-json\/wp\/v2\/media?parent=36"}],"curies":[{"name":"wp","href":"https:\/\/api.w.org\/{rel}","templated":true}]}}